{"id":990896,"date":"2024-05-14T07:51:33","date_gmt":"2024-05-14T07:51:33","guid":{"rendered":"https:\/\/danielhertz.eu\/?page_id=990896"},"modified":"2024-05-21T08:45:53","modified_gmt":"2024-05-21T08:45:53","slug":"polityka-prywatnosci","status":"publish","type":"page","link":"https:\/\/danielhertz.eu\/pl\/odkryj-daniela-hertza\/polityka-prywatnosci\/","title":{"rendered":"Polityka prywatno\u015bci"},"content":{"rendered":"<div data-elementor-type=\"wp-page\" data-elementor-id=\"990896\" class=\"elementor elementor-990896\" data-elementor-post-type=\"page\">\n\t\t\t\t<div class=\"elementor-element elementor-element-ea414ec e-flex e-con-boxed e-con e-parent\" data-id=\"ea414ec\" data-element_type=\"container\" data-e-type=\"container\" data-settings=\"{&quot;background_background&quot;:&quot;classic&quot;}\">\n\t\t\t\t\t<div class=\"e-con-inner\">\n\t\t\t\t<div class=\"elementor-element elementor-element-848d474 elementor-widget elementor-widget-spacer\" data-id=\"848d474\" data-element_type=\"widget\" data-e-type=\"widget\" data-widget_type=\"spacer.default\">\n\t\t\t\t<div class=\"elementor-widget-container\">\n\t\t\t\t\t\t\t<div class=\"elementor-spacer\">\n\t\t\t<div class=\"elementor-spacer-inner\"><\/div>\n\t\t<\/div>\n\t\t\t\t\t\t<\/div>\n\t\t\t\t<\/div>\n\t\t\t\t<div class=\"elementor-element elementor-element-d49a910 elementor-widget elementor-widget-heading\" data-id=\"d49a910\" data-element_type=\"widget\" data-e-type=\"widget\" data-widget_type=\"heading.default\">\n\t\t\t\t<div class=\"elementor-widget-container\">\n\t\t\t\t\t<h2 class=\"elementor-heading-title elementor-size-default\">Polityka prywatno\u015bci<\/h2>\t\t\t\t<\/div>\n\t\t\t\t<\/div>\n\t\t\t\t\t<\/div>\n\t\t\t\t<\/div>\n\t\t\t\t<section class=\"elementor-section elementor-top-section elementor-element elementor-element-363b98b7 elementor-section-boxed elementor-section-height-default elementor-section-height-default\" data-id=\"363b98b7\" data-element_type=\"section\" data-e-type=\"section\">\n\t\t\t\t\t\t<div class=\"elementor-container elementor-column-gap-default\">\n\t\t\t\t\t<div class=\"elementor-column elementor-col-100 elementor-top-column elementor-element elementor-element-3fc36e3e\" data-id=\"3fc36e3e\" data-element_type=\"column\" data-e-type=\"column\">\n\t\t\t<div class=\"elementor-widget-wrap elementor-element-populated\">\n\t\t\t\t\t\t<div class=\"elementor-element elementor-element-4a22f29 elementor-widget elementor-widget-text-editor\" data-id=\"4a22f29\" data-element_type=\"widget\" data-e-type=\"widget\" data-widget_type=\"text-editor.default\">\n\t\t\t\t<div class=\"elementor-widget-container\">\n\t\t\t\t\t\t\t\t\t<p><span style=\"font-weight: 400;\">Niniejsza Polityka prywatno\u015bci opisuje, w jaki spos\u00f3b Daniel Hertz gromadzi, wykorzystuje i ujawnia dane osobowe u\u017cytkownik\u00f3w odwiedzaj\u0105cych nasz\u0105 witryn\u0119 internetow\u0105<\/span><a href=\"https:\/\/danielhertz.eu\/pl\"><span style=\"font-weight: 400;\"> https:\/\/danielhertz.eu\/<\/span><\/a><span style=\"font-weight: 400;\"> (\"Us\u0142uga\").<\/span><\/p><p><span style=\"font-weight: 400;\">Korzystaj\u0105c z naszej Us\u0142ugi, u\u017cytkownik wyra\u017ca zgod\u0119 na gromadzenie i wykorzystywanie jego danych osobowych w spos\u00f3b opisany w niniejszej Polityce prywatno\u015bci.<\/span><\/p><ol><li style=\"font-weight: 400;\" aria-level=\"1\"><b>Gromadzone przez nas informacje<\/b><\/li><\/ol><p><span style=\"font-weight: 400;\">Gromadzimy pewne informacje podczas korzystania z naszej Us\u0142ugi, w tym:<\/span><\/p><ul><li style=\"font-weight: 400;\" aria-level=\"1\"><b>Dane osobowe:<\/b><span style=\"font-weight: 400;\"> Podczas wype\u0142niania formularzy na naszej stronie internetowej, takich jak formularz kontaktowy, formularz subskrypcji, podczas tworzenia konta w The Daniel Hertz Music Lovers Club oraz podczas podawania informacji w celu przetwarzania p\u0142atno\u015bci w naszym sklepie, gromadzimy dane osobowe, takie jak imi\u0119 i nazwisko, adres e-mail, numer telefonu, adres zamieszkania.<\/span><\/li><li style=\"font-weight: 400;\" aria-level=\"1\"><b>Dane u\u017cytkowania:<\/b><span style=\"font-weight: 400;\"> Mo\u017cemy gromadzi\u0107 informacje o sposobie interakcji u\u017cytkownika z nasz\u0105 Us\u0142ug\u0105, w tym adres IP, typ przegl\u0105darki, system operacyjny, odsy\u0142aj\u0105ce adresy URL i inne dane dotycz\u0105ce u\u017cytkowania.<\/span><\/li><\/ul><ol><li style=\"font-weight: 400;\" aria-level=\"1\"><b>Jak wykorzystujemy informacje o u\u017cytkowniku<\/b><\/li><\/ol><p><span style=\"font-weight: 400;\">Mo\u017cemy wykorzystywa\u0107 gromadzone przez nas informacje do nast\u0119puj\u0105cych cel\u00f3w:<\/span><\/p><ul><li style=\"font-weight: 400;\" aria-level=\"1\"><span style=\"font-weight: 400;\">W celu \u015bwiadczenia i utrzymywania naszej Us\u0142ugi;<\/span><\/li><li style=\"font-weight: 400;\" aria-level=\"1\"><span style=\"font-weight: 400;\">Aby odpowiada\u0107 na zapytania u\u017cytkownik\u00f3w i komunikowa\u0107 si\u0119 z nimi;<\/span><\/li><li style=\"font-weight: 400;\" aria-level=\"1\"><span style=\"font-weight: 400;\">Wysy\u0142anie u\u017cytkownikowi informacji marketingowych, je\u015bli u\u017cytkownik wyrazi\u0142 zgod\u0119 na otrzymywanie takich informacji;<\/span><\/li><li style=\"font-weight: 400;\" aria-level=\"1\"><span style=\"font-weight: 400;\">Aby analizowa\u0107 trendy u\u017cytkowania i ulepsza\u0107 nasz\u0105 us\u0142ug\u0119;<\/span><\/li><li style=\"font-weight: 400;\" aria-level=\"1\"><span style=\"font-weight: 400;\">Przestrzeganie zobowi\u0105za\u0144 prawnych.<\/span><\/li><\/ul><ol><li style=\"font-weight: 400;\" aria-level=\"1\"><b>Pliki cookie i technologie \u015bledzenia<\/b><\/li><\/ol><p><span style=\"font-weight: 400;\">U\u017cywamy plik\u00f3w cookie i podobnych technologii \u015bledzenia do \u015bledzenia aktywno\u015bci w naszym Serwisie i przechowywania pewnych informacji. U\u017cytkownik mo\u017ce poinstruowa\u0107 swoj\u0105 przegl\u0105dark\u0119, aby odrzuca\u0142a wszystkie pliki cookie lub wskazywa\u0142a, kiedy plik cookie jest wysy\u0142any. Je\u015bli jednak u\u017cytkownik nie zaakceptuje plik\u00f3w cookie, mo\u017ce nie by\u0107 w stanie korzysta\u0107 z niekt\u00f3rych cz\u0119\u015bci naszej Us\u0142ugi.<\/span><\/p><ol><li style=\"font-weight: 400;\" aria-level=\"1\"><b>Przechowywanie danych<\/b><\/li><\/ol><ul><li style=\"font-weight: 400;\" aria-level=\"1\"><span style=\"font-weight: 400;\">W trosce o bezpiecze\u0144stwo powierzonych nam danych opracowali\u015bmy wewn\u0119trzne procedury i wytyczne maj\u0105ce na celu zapobieganie udost\u0119pnianiu danych osobom nieupowa\u017cnionym. Monitorujemy ich realizacj\u0119 i stale weryfikujemy ich zgodno\u015b\u0107 z odpowiednimi aktami prawnymi - ustaw\u0105 o ochronie danych osobowych, ustaw\u0105 o \u015bwiadczeniu us\u0142ug drog\u0105 elektroniczn\u0105, a tak\u017ce r\u00f3\u017cnymi aktami wykonawczymi i aktami prawa wsp\u00f3lnotowego.<\/span><\/li><\/ul><ul><li style=\"font-weight: 400;\" aria-level=\"1\"><span style=\"font-weight: 400;\">\u00a0Us\u0142uga gromadzi informacje dobrowolnie podane przez u\u017cytkownika.<\/span><\/li><\/ul><ul><li style=\"font-weight: 400;\" aria-level=\"1\"><span style=\"font-weight: 400;\">\u00a0Dane osobowe pozostawione w serwisie nie zostan\u0105 sprzedane ani udost\u0119pnione osobom trzecim, zgodnie z przepisami ustawy o ochronie danych osobowych.<\/span><\/li><\/ul><ul><li style=\"font-weight: 400;\" aria-level=\"1\"><span style=\"font-weight: 400;\">\u00a0\u00a0Dane osobowe, na kt\u00f3rych przetwarzanie u\u017cytkownik wyrazi\u0142 zgod\u0119, b\u0119d\u0105 przechowywane do momentu wycofania zgody.<\/span><\/li><\/ul><ol><li style=\"font-weight: 400;\" aria-level=\"1\"><b>Linki do innych stron internetowych\/platform<\/b><\/li><\/ol><p><span style=\"font-weight: 400;\">Serwis mo\u017ce zawiera\u0107 \u0142\u0105cza do innych stron internetowych. Takie strony internetowe dzia\u0142aj\u0105 niezale\u017cnie od Serwisu i nie podlegaj\u0105 kontroli Serwisu. Witryny te mog\u0105 mie\u0107 w\u0142asne polityki prywatno\u015bci i warunki \u015bwiadczenia us\u0142ug, z kt\u00f3rymi zalecamy si\u0119 zapozna\u0107.<\/span><\/p><ol><li style=\"font-weight: 400;\" aria-level=\"1\"><b>Ujawnianie informacji o u\u017cytkowniku<\/b><\/li><\/ol><p><span style=\"font-weight: 400;\">Mo\u017cemy ujawni\u0107 dane osobowe u\u017cytkownika w nast\u0119puj\u0105cych okoliczno\u015bciach:<\/span><\/p><ul><li style=\"font-weight: 400;\" aria-level=\"1\"><span style=\"font-weight: 400;\">Zewn\u0119trznym dostawcom us\u0142ug, kt\u00f3rzy pomagaj\u0105 nam w prowadzeniu naszej Us\u0142ugi;<\/span><\/li><li style=\"font-weight: 400;\" aria-level=\"1\"><span style=\"font-weight: 400;\">Przestrzeganie zobowi\u0105za\u0144 prawnych lub odpowiadanie na zgodne z prawem wnioski organ\u00f3w publicznych.<\/span><\/li><\/ul><ol><li style=\"font-weight: 400;\" aria-level=\"1\"><b>Prawa u\u017cytkownika<\/b><\/li><\/ol><p><span style=\"font-weight: 400;\">U\u017cytkownikowi przys\u0142uguj\u0105 okre\u015blone prawa dotycz\u0105ce jego danych osobowych, w tym prawo dost\u0119pu do danych osobowych, ich poprawiania lub usuwania. U\u017cytkownik mo\u017ce mie\u0107 r\u00f3wnie\u017c prawo do sprzeciwienia si\u0119 lub ograniczenia niekt\u00f3rych dzia\u0142a\u0144 zwi\u0105zanych z przetwarzaniem danych. Aby skorzysta\u0107 z tych praw, nale\u017cy skontaktowa\u0107 si\u0119 z nami, korzystaj\u0105c z danych kontaktowych podanych na stronie<\/span><a href=\"https:\/\/danielhertz.eu\/pl\/odkryj-daniela-hertza\/kontakt\/\"><span style=\"font-weight: 400;\"> Kontakt<\/span><\/a><span style=\"font-weight: 400;\">.<\/span><\/p><ol><li style=\"font-weight: 400;\" aria-level=\"1\"><b>Zmiany w niniejszej Polityce prywatno\u015bci<\/b><\/li><\/ol><p><span style=\"font-weight: 400;\">Od czasu do czasu mo\u017cemy aktualizowa\u0107 nasz\u0105 Polityk\u0119 prywatno\u015bci. Powiadomimy u\u017cytkownika o wszelkich zmianach, publikuj\u0105c now\u0105 Polityk\u0119 prywatno\u015bci na tej stronie.<\/span><\/p><ol><li style=\"font-weight: 400;\" aria-level=\"1\"><b>Kontakt<\/b><\/li><\/ol><p><span style=\"font-weight: 400;\">W przypadku jakichkolwiek pyta\u0144 dotycz\u0105cych niniejszej Polityki prywatno\u015bci, prosimy o kontakt z nami przy u\u017cyciu danych kontaktowych podanych na stronie<\/span><a href=\"https:\/\/danielhertz.eu\/pl\/odkryj-daniela-hertza\/kontakt\/\"><span style=\"font-weight: 400;\"> Kontakt<\/span><\/a><span style=\"font-weight: 400;\">.<\/span><\/p><p><span style=\"font-weight: 400;\"><br \/><\/span><span style=\"font-weight: 400;\">W sprawach nieuregulowanych w regulaminie zastosowanie maj\u0105 przepisy prawa Unii Europejskiej, w szczeg\u00f3lno\u015bci RODO (Rozporz\u0105dzenie Parlamentu Europejskiego i Rady (UE) 2016\/679 z dnia 27 kwietnia 2016 r. w sprawie ochrony os\u00f3b fizycznych w zwi\u0105zku z przetwarzaniem danych osobowych i w sprawie swobodnego przep\u0142ywu takich danych oraz uchylenia dyrektywy 95\/46\/WE).<\/span><\/p>\t\t\t\t\t\t\t\t<\/div>\n\t\t\t\t<\/div>\n\t\t\t\t\t<\/div>\n\t\t<\/div>\n\t\t\t\t\t<\/div>\n\t\t<\/section>\n\t\t\t\t<\/div>","protected":false},"excerpt":{"rendered":"<p>Privacy Policy This Privacy Policy describes how Daniel Hertz collects, uses, and discloses your personal data when you visit our website https:\/\/danielhertz.eu\/ (the &#8220;Service&#8221;). By using our Service, you consent to the collection and use of your personal data as described in this Privacy Policy. Information We Collect We collect certain information when you use&#8230;<\/p>","protected":false},"author":2,"featured_media":0,"parent":336,"menu_order":0,"comment_status":"closed","ping_status":"closed","template":"","meta":{"om_disable_all_campaigns":false,"_monsterinsights_skip_tracking":false,"_monsterinsights_sitenote_active":false,"_monsterinsights_sitenote_note":"","_monsterinsights_sitenote_category":0,"footnotes":""},"class_list":["post-990896","page","type-page","status-publish","hentry"],"yoast_head":"<!-- This site is optimized with the Yoast SEO plugin v27.4 - https:\/\/yoast.com\/product\/yoast-seo-wordpress\/ -->\n<title>Privacy Policy - Daniel Hertz<\/title>\n<meta name=\"description\" content=\"Daniel Hertz&#039;s Privacy Policy ensures transparency and security in handling your personal information. Please read our Privacy Policy.\" \/>\n<meta name=\"robots\" content=\"index, follow, max-snippet:-1, max-image-preview:large, max-video-preview:-1\" \/>\n<link rel=\"canonical\" href=\"https:\/\/danielhertz.eu\/pl\/odkryj-daniela-hertza\/polityka-prywatnosci\/\" \/>\n<meta property=\"og:locale\" content=\"pl_PL\" \/>\n<meta property=\"og:type\" content=\"article\" \/>\n<meta property=\"og:title\" content=\"Privacy Policy - Daniel Hertz\" \/>\n<meta property=\"og:description\" content=\"Daniel Hertz&#039;s Privacy Policy ensures transparency and security in handling your personal information. Please read our Privacy Policy.\" \/>\n<meta property=\"og:url\" content=\"https:\/\/danielhertz.eu\/pl\/odkryj-daniela-hertza\/polityka-prywatnosci\/\" \/>\n<meta property=\"og:site_name\" content=\"Daniel Hertz\" \/>\n<meta property=\"article:publisher\" content=\"https:\/\/www.facebook.com\/people\/Daniel-Hertz-Music-Lovers-Club\/61566930280945\/\" \/>\n<meta property=\"article:modified_time\" content=\"2024-05-21T08:45:53+00:00\" \/>\n<meta name=\"twitter:card\" content=\"summary_large_image\" \/>\n<meta name=\"twitter:label1\" content=\"Szacowany czas czytania\" \/>\n\t<meta name=\"twitter:data1\" content=\"3 minuty\" \/>\n<script type=\"application\/ld+json\" class=\"yoast-schema-graph\">{\"@context\":\"https:\\\/\\\/schema.org\",\"@graph\":[{\"@type\":\"WebPage\",\"@id\":\"https:\\\/\\\/danielhertz.eu\\\/pl\\\/odkryj-daniela-hertza\\\/polityka-prywatnosci\\\/\",\"url\":\"https:\\\/\\\/danielhertz.eu\\\/pl\\\/odkryj-daniela-hertza\\\/polityka-prywatnosci\\\/\",\"name\":\"Privacy Policy - Daniel Hertz\",\"isPartOf\":{\"@id\":\"https:\\\/\\\/danielhertz.eu\\\/es\\\/#website\"},\"datePublished\":\"2024-05-14T07:51:33+00:00\",\"dateModified\":\"2024-05-21T08:45:53+00:00\",\"description\":\"Daniel Hertz's Privacy Policy ensures transparency and security in handling your personal information. Please read our Privacy Policy.\",\"breadcrumb\":{\"@id\":\"https:\\\/\\\/danielhertz.eu\\\/pl\\\/odkryj-daniela-hertza\\\/polityka-prywatnosci\\\/#breadcrumb\"},\"inLanguage\":\"pl-PL\",\"potentialAction\":[{\"@type\":\"ReadAction\",\"target\":[\"https:\\\/\\\/danielhertz.eu\\\/pl\\\/odkryj-daniela-hertza\\\/polityka-prywatnosci\\\/\"]}]},{\"@type\":\"BreadcrumbList\",\"@id\":\"https:\\\/\\\/danielhertz.eu\\\/pl\\\/odkryj-daniela-hertza\\\/polityka-prywatnosci\\\/#breadcrumb\",\"itemListElement\":[{\"@type\":\"ListItem\",\"position\":1,\"name\":\"Home\",\"item\":\"https:\\\/\\\/danielhertz.eu\\\/pl\\\/\"},{\"@type\":\"ListItem\",\"position\":2,\"name\":\"Mark Levinson&#8217;s audio legacy\",\"item\":\"https:\\\/\\\/danielhertz.eu\\\/pl\\\/odkryj-daniela-hertza\\\/\"},{\"@type\":\"ListItem\",\"position\":3,\"name\":\"Privacy Policy\"}]},{\"@type\":\"WebSite\",\"@id\":\"https:\\\/\\\/danielhertz.eu\\\/es\\\/#website\",\"url\":\"https:\\\/\\\/danielhertz.eu\\\/es\\\/\",\"name\":\"Daniel Hertz\",\"description\":\"Audio systems\",\"publisher\":{\"@id\":\"https:\\\/\\\/danielhertz.eu\\\/es\\\/#organization\"},\"potentialAction\":[{\"@type\":\"SearchAction\",\"target\":{\"@type\":\"EntryPoint\",\"urlTemplate\":\"https:\\\/\\\/danielhertz.eu\\\/es\\\/?s={search_term_string}\"},\"query-input\":{\"@type\":\"PropertyValueSpecification\",\"valueRequired\":true,\"valueName\":\"search_term_string\"}}],\"inLanguage\":\"pl-PL\"},{\"@type\":\"Organization\",\"@id\":\"https:\\\/\\\/danielhertz.eu\\\/es\\\/#organization\",\"name\":\"Daniel Hertz\",\"url\":\"https:\\\/\\\/danielhertz.eu\\\/es\\\/\",\"logo\":{\"@type\":\"ImageObject\",\"inLanguage\":\"pl-PL\",\"@id\":\"https:\\\/\\\/danielhertz.eu\\\/es\\\/#\\\/schema\\\/logo\\\/image\\\/\",\"url\":\"https:\\\/\\\/danielhertz.eu\\\/wp-content\\\/uploads\\\/2025\\\/09\\\/daniel-herz-logo.jpg\",\"contentUrl\":\"https:\\\/\\\/danielhertz.eu\\\/wp-content\\\/uploads\\\/2025\\\/09\\\/daniel-herz-logo.jpg\",\"width\":220,\"height\":217,\"caption\":\"Daniel Hertz\"},\"image\":{\"@id\":\"https:\\\/\\\/danielhertz.eu\\\/es\\\/#\\\/schema\\\/logo\\\/image\\\/\"},\"sameAs\":[\"https:\\\/\\\/www.facebook.com\\\/people\\\/Daniel-Hertz-Music-Lovers-Club\\\/61566930280945\\\/\"]}]}<\/script>\n<!-- \/ Yoast SEO plugin. -->","yoast_head_json":{"title":"Polityka prywatno\u015bci - Daniel Hertz","description":"Polityka prywatno\u015bci Daniel Hertz zapewnia przejrzysto\u015b\u0107 i bezpiecze\u0144stwo przetwarzania danych osobowych. Prosimy o zapoznanie si\u0119 z nasz\u0105 Polityk\u0105 prywatno\u015bci.","robots":{"index":"index","follow":"follow","max-snippet":"max-snippet:-1","max-image-preview":"max-image-preview:large","max-video-preview":"max-video-preview:-1"},"canonical":"https:\/\/danielhertz.eu\/pl\/odkryj-daniela-hertza\/polityka-prywatnosci\/","og_locale":"pl_PL","og_type":"article","og_title":"Privacy Policy - Daniel Hertz","og_description":"Daniel Hertz's Privacy Policy ensures transparency and security in handling your personal information. Please read our Privacy Policy.","og_url":"https:\/\/danielhertz.eu\/pl\/odkryj-daniela-hertza\/polityka-prywatnosci\/","og_site_name":"Daniel Hertz","article_publisher":"https:\/\/www.facebook.com\/people\/Daniel-Hertz-Music-Lovers-Club\/61566930280945\/","article_modified_time":"2024-05-21T08:45:53+00:00","twitter_card":"summary_large_image","twitter_misc":{"Szacowany czas czytania":"3 minuty"},"schema":{"@context":"https:\/\/schema.org","@graph":[{"@type":"WebPage","@id":"https:\/\/danielhertz.eu\/pl\/odkryj-daniela-hertza\/polityka-prywatnosci\/","url":"https:\/\/danielhertz.eu\/pl\/odkryj-daniela-hertza\/polityka-prywatnosci\/","name":"Polityka prywatno\u015bci - Daniel Hertz","isPartOf":{"@id":"https:\/\/danielhertz.eu\/es\/#website"},"datePublished":"2024-05-14T07:51:33+00:00","dateModified":"2024-05-21T08:45:53+00:00","description":"Polityka prywatno\u015bci Daniel Hertz zapewnia przejrzysto\u015b\u0107 i bezpiecze\u0144stwo przetwarzania danych osobowych. Prosimy o zapoznanie si\u0119 z nasz\u0105 Polityk\u0105 prywatno\u015bci.","breadcrumb":{"@id":"https:\/\/danielhertz.eu\/pl\/odkryj-daniela-hertza\/polityka-prywatnosci\/#breadcrumb"},"inLanguage":"pl-PL","potentialAction":[{"@type":"ReadAction","target":["https:\/\/danielhertz.eu\/pl\/odkryj-daniela-hertza\/polityka-prywatnosci\/"]}]},{"@type":"BreadcrumbList","@id":"https:\/\/danielhertz.eu\/pl\/odkryj-daniela-hertza\/polityka-prywatnosci\/#breadcrumb","itemListElement":[{"@type":"ListItem","position":1,"name":"Home","item":"https:\/\/danielhertz.eu\/pl\/"},{"@type":"ListItem","position":2,"name":"Mark Levinson&#8217;s audio legacy","item":"https:\/\/danielhertz.eu\/pl\/odkryj-daniela-hertza\/"},{"@type":"ListItem","position":3,"name":"Privacy Policy"}]},{"@type":"WebSite","@id":"https:\/\/danielhertz.eu\/es\/#website","url":"https:\/\/danielhertz.eu\/es\/","name":"Daniel Hertz","description":"Systemy audio","publisher":{"@id":"https:\/\/danielhertz.eu\/es\/#organization"},"potentialAction":[{"@type":"SearchAction","target":{"@type":"EntryPoint","urlTemplate":"https:\/\/danielhertz.eu\/es\/?s={search_term_string}"},"query-input":{"@type":"PropertyValueSpecification","valueRequired":true,"valueName":"search_term_string"}}],"inLanguage":"pl-PL"},{"@type":"Organization","@id":"https:\/\/danielhertz.eu\/es\/#organization","name":"Daniel Hertz","url":"https:\/\/danielhertz.eu\/es\/","logo":{"@type":"ImageObject","inLanguage":"pl-PL","@id":"https:\/\/danielhertz.eu\/es\/#\/schema\/logo\/image\/","url":"https:\/\/danielhertz.eu\/wp-content\/uploads\/2025\/09\/daniel-herz-logo.jpg","contentUrl":"https:\/\/danielhertz.eu\/wp-content\/uploads\/2025\/09\/daniel-herz-logo.jpg","width":220,"height":217,"caption":"Daniel Hertz"},"image":{"@id":"https:\/\/danielhertz.eu\/es\/#\/schema\/logo\/image\/"},"sameAs":["https:\/\/www.facebook.com\/people\/Daniel-Hertz-Music-Lovers-Club\/61566930280945\/"]}]}},"_links":{"self":[{"href":"https:\/\/danielhertz.eu\/pl\/wp-json\/wp\/v2\/pages\/990896","targetHints":{"allow":["GET"]}}],"collection":[{"href":"https:\/\/danielhertz.eu\/pl\/wp-json\/wp\/v2\/pages"}],"about":[{"href":"https:\/\/danielhertz.eu\/pl\/wp-json\/wp\/v2\/types\/page"}],"author":[{"embeddable":true,"href":"https:\/\/danielhertz.eu\/pl\/wp-json\/wp\/v2\/users\/2"}],"replies":[{"embeddable":true,"href":"https:\/\/danielhertz.eu\/pl\/wp-json\/wp\/v2\/comments?post=990896"}],"version-history":[{"count":16,"href":"https:\/\/danielhertz.eu\/pl\/wp-json\/wp\/v2\/pages\/990896\/revisions"}],"predecessor-version":[{"id":990912,"href":"https:\/\/danielhertz.eu\/pl\/wp-json\/wp\/v2\/pages\/990896\/revisions\/990912"}],"up":[{"embeddable":true,"href":"https:\/\/danielhertz.eu\/pl\/wp-json\/wp\/v2\/pages\/336"}],"wp:attachment":[{"href":"https:\/\/danielhertz.eu\/pl\/wp-json\/wp\/v2\/media?parent=990896"}],"curies":[{"name":"wp","href":"https:\/\/api.w.org\/{rel}","templated":true}]}}