{"id":342,"date":"2020-03-13T17:30:32","date_gmt":"2020-03-13T17:30:32","guid":{"rendered":"https:\/\/lagar.vamtam.com\/?page_id=342"},"modified":"2025-09-25T13:17:52","modified_gmt":"2025-09-25T13:17:52","slug":"kontakt","status":"publish","type":"page","link":"https:\/\/danielhertz.eu\/pl\/kontakt\/","title":{"rendered":"Kontakt"},"content":{"rendered":"<div data-elementor-type=\"wp-page\" data-elementor-id=\"342\" class=\"elementor elementor-342\" data-elementor-post-type=\"page\">\n\t\t\t\t\t\t<section class=\"elementor-section elementor-top-section elementor-element elementor-element-101d3b4 elementor-section-height-min-height elementor-section-content-bottom elementor-section-boxed elementor-section-height-default elementor-section-items-middle\" data-id=\"101d3b4\" data-element_type=\"section\" data-e-type=\"section\" data-settings=\"{&quot;background_background&quot;:&quot;classic&quot;}\">\n\t\t\t\t\t\t\t<div class=\"elementor-background-overlay\"><\/div>\n\t\t\t\t\t\t\t<div class=\"elementor-container elementor-column-gap-default\">\n\t\t\t\t\t<div class=\"elementor-column elementor-col-100 elementor-top-column elementor-element elementor-element-a1574e4\" data-id=\"a1574e4\" data-element_type=\"column\" data-e-type=\"column\">\n\t\t\t<div class=\"elementor-widget-wrap elementor-element-populated\">\n\t\t\t\t\t\t<div class=\"elementor-element elementor-element-75adb72 elementor-widget elementor-widget-heading\" data-id=\"75adb72\" data-element_type=\"widget\" data-e-type=\"widget\" data-widget_type=\"heading.default\">\n\t\t\t\t<div class=\"elementor-widget-container\">\n\t\t\t\t\t<h1 class=\"elementor-heading-title elementor-size-default\">Kontakt<\/h1>\t\t\t\t<\/div>\n\t\t\t\t<\/div>\n\t\t\t\t\t<\/div>\n\t\t<\/div>\n\t\t\t\t\t<\/div>\n\t\t<\/section>\n\t\t<div class=\"elementor-element elementor-element-ea414ec e-flex e-con-boxed e-con e-parent\" data-id=\"ea414ec\" data-element_type=\"container\" data-e-type=\"container\" data-settings=\"{&quot;background_background&quot;:&quot;classic&quot;}\">\n\t\t\t\t\t<div class=\"e-con-inner\">\n\t\t\t\t<div class=\"elementor-element elementor-element-848d474 elementor-widget elementor-widget-spacer\" data-id=\"848d474\" data-element_type=\"widget\" data-e-type=\"widget\" data-widget_type=\"spacer.default\">\n\t\t\t\t<div class=\"elementor-widget-container\">\n\t\t\t\t\t\t\t<div class=\"elementor-spacer\">\n\t\t\t<div class=\"elementor-spacer-inner\"><\/div>\n\t\t<\/div>\n\t\t\t\t\t\t<\/div>\n\t\t\t\t<\/div>\n\t\t\t\t\t<\/div>\n\t\t\t\t<\/div>\n\t\t<div class=\"elementor-element elementor-element-da754da e-flex e-con-boxed e-con e-parent\" data-id=\"da754da\" data-element_type=\"container\" data-e-type=\"container\" data-settings=\"{&quot;background_background&quot;:&quot;classic&quot;}\">\n\t\t\t\t\t<div class=\"e-con-inner\">\n\t\t<div class=\"elementor-element elementor-element-5016055 e-con-full e-flex e-con e-child\" data-id=\"5016055\" data-element_type=\"container\" data-e-type=\"container\">\n\t\t\t\t<div class=\"elementor-element elementor-element-8879bc6 elementor-widget elementor-widget-heading\" data-id=\"8879bc6\" data-element_type=\"widget\" data-e-type=\"widget\" data-widget_type=\"heading.default\">\n\t\t\t\t<div class=\"elementor-widget-container\">\n\t\t\t\t\t<h2 class=\"elementor-heading-title elementor-size-default\">Kontakt<\/h2>\t\t\t\t<\/div>\n\t\t\t\t<\/div>\n\t\t\t\t<div class=\"elementor-element elementor-element-63131a9 elementor-shape-circle e-grid-align-left e-grid-align-mobile-center vamtam-layout-horizontal elementor-grid-0 elementor-widget elementor-widget-social-icons\" data-id=\"63131a9\" data-element_type=\"widget\" data-e-type=\"widget\" data-widget_type=\"social-icons.default\">\n\t\t\t\t<div class=\"elementor-widget-container\">\n\t\t\t\t\t\t\t<div class=\"elementor-social-icons-wrapper elementor-grid\" role=\"list\">\n\t\t\t\t\t\t\t<span class=\"elementor-grid-item\" role=\"listitem\">\n\t\t\t\t\t<a class=\"elementor-icon elementor-social-icon elementor-social-icon-facebook elementor-repeater-item-7d75114\" href=\"https:\/\/www.facebook.com\/profile.php?id=61554300003524\" target=\"_blank\">\n\t\t\t\t\t\t<span class=\"elementor-screen-only\">Facebook<\/span>\n\t\t\t\t\t\t<i aria-hidden=\"true\" class=\"fab fa-facebook\"><\/i>\t\t\t\t\t<\/a>\n\t\t\t\t<\/span>\n\t\t\t\t\t\t\t<span class=\"elementor-grid-item\" role=\"listitem\">\n\t\t\t\t\t<a class=\"elementor-icon elementor-social-icon elementor-social-icon-youtube elementor-repeater-item-4d14a5b\" href=\"https:\/\/www.youtube.com\/@danielhertzsa7742\" target=\"_blank\">\n\t\t\t\t\t\t<span class=\"elementor-screen-only\">YouTube<\/span>\n\t\t\t\t\t\t<i aria-hidden=\"true\" class=\"fab fa-youtube\"><\/i>\t\t\t\t\t<\/a>\n\t\t\t\t<\/span>\n\t\t\t\t\t\t\t<span class=\"elementor-grid-item\" role=\"listitem\">\n\t\t\t\t\t<a class=\"elementor-icon elementor-social-icon elementor-social-icon-instagram elementor-repeater-item-d93acdd\" href=\"https:\/\/www.instagram.com\/danielhertzsa\/\" target=\"_blank\">\n\t\t\t\t\t\t<span class=\"elementor-screen-only\">Instagram<\/span>\n\t\t\t\t\t\t<i aria-hidden=\"true\" class=\"fab fa-instagram\"><\/i>\t\t\t\t\t<\/a>\n\t\t\t\t<\/span>\n\t\t\t\t\t<\/div>\n\t\t\t\t\t\t<\/div>\n\t\t\t\t<\/div>\n\t\t\t\t<div class=\"elementor-element elementor-element-0fbb884 elementor-widget elementor-widget-heading\" data-id=\"0fbb884\" data-element_type=\"widget\" data-e-type=\"widget\" data-widget_type=\"heading.default\">\n\t\t\t\t<div class=\"elementor-widget-container\">\n\t\t\t\t\t<h5 class=\"elementor-heading-title elementor-size-default\"><b>Adres:<\/b><\/h5>\t\t\t\t<\/div>\n\t\t\t\t<\/div>\n\t\t\t\t<div class=\"elementor-element elementor-element-4b586de elementor-widget elementor-widget-text-editor\" data-id=\"4b586de\" data-element_type=\"widget\" data-e-type=\"widget\" data-widget_type=\"text-editor.default\">\n\t\t\t\t<div class=\"elementor-widget-container\">\n\t\t\t\t\t\t\t\t\t<p><strong>MIXMANN AUDIO SYSTEMS<\/strong><br \/>ul. Handlowa 12<br \/>87-125, Osiek n\/W, Polska<\/p>\t\t\t\t\t\t\t\t<\/div>\n\t\t\t\t<\/div>\n\t\t\t\t<div class=\"elementor-element elementor-element-ffaf46d elementor-widget elementor-widget-heading\" data-id=\"ffaf46d\" data-element_type=\"widget\" data-e-type=\"widget\" data-widget_type=\"heading.default\">\n\t\t\t\t<div class=\"elementor-widget-container\">\n\t\t\t\t\t<h5 class=\"elementor-heading-title elementor-size-default\"><b>Telefon:<\/b><\/h5>\t\t\t\t<\/div>\n\t\t\t\t<\/div>\n\t\t\t\t<div class=\"elementor-element elementor-element-2ae2d3c elementor-widget elementor-widget-text-editor\" data-id=\"2ae2d3c\" data-element_type=\"widget\" data-e-type=\"widget\" data-widget_type=\"text-editor.default\">\n\t\t\t\t<div class=\"elementor-widget-container\">\n\t\t\t\t\t\t\t\t\t<p><a href=\"tel:+48509279994\">+48 509 279 994<\/a><\/p>\t\t\t\t\t\t\t\t<\/div>\n\t\t\t\t<\/div>\n\t\t\t\t<div class=\"elementor-element elementor-element-d0a42e1 elementor-widget elementor-widget-heading\" data-id=\"d0a42e1\" data-element_type=\"widget\" data-e-type=\"widget\" data-widget_type=\"heading.default\">\n\t\t\t\t<div class=\"elementor-widget-container\">\n\t\t\t\t\t<h5 class=\"elementor-heading-title elementor-size-default\"><b>E-mail:<\/b><\/h5>\t\t\t\t<\/div>\n\t\t\t\t<\/div>\n\t\t\t\t<div class=\"elementor-element elementor-element-8e30f3e elementor-widget elementor-widget-text-editor\" data-id=\"8e30f3e\" data-element_type=\"widget\" data-e-type=\"widget\" data-widget_type=\"text-editor.default\">\n\t\t\t\t<div class=\"elementor-widget-container\">\n\t\t\t\t\t\t\t\t\t<p><a href=\"mailto:info@danielhertz.eu\">info@danielhertz.eu<\/a><\/p>\t\t\t\t\t\t\t\t<\/div>\n\t\t\t\t<\/div>\n\t\t\t\t<\/div>\n\t\t<div class=\"elementor-element elementor-element-42f47f9 e-con-full e-flex e-con e-child\" data-id=\"42f47f9\" data-element_type=\"container\" data-e-type=\"container\">\n\t\t\t\t<div class=\"elementor-element elementor-element-3d0c51f elementor-widget elementor-widget-html\" data-id=\"3d0c51f\" data-element_type=\"widget\" data-e-type=\"widget\" data-widget_type=\"html.default\">\n\t\t\t\t<div class=\"elementor-widget-container\">\n\t\t\t\t\t<iframe\n    src=\"https:\/\/link.zenautopilot.com\/widget\/form\/HTpfLUHaolzw5z9JH0ST\"\n    style=\"width:100%;height:100%;border:none;border-radius:0px\"\n    id=\"inline-HTpfLUHaolzw5z9JH0ST\" \n    data-layout=\"{'id':'INLINE'}\"\n    data-trigger-type=\"alwaysShow\"\n    data-trigger-value=\"\"\n    data-activation-type=\"alwaysActivated\"\n    data-activation-value=\"\"\n    data-deactivation-type=\"neverDeactivate\"\n    data-deactivation-value=\"\"\n    data-form-name=\"Website FormDaniel Hertz\"\n    data-height=\"442\"\n    data-layout-iframe-id=\"inline-HTpfLUHaolzw5z9JH0ST\"\n    data-form-id=\"HTpfLUHaolzw5z9JH0ST\"\n    title=\"Formularz strony internetowejDaniel Hertz\"\n        >\n<\/iframe>\n<script src=\"https:\/\/link.zenautopilot.com\/js\/form_embed.js\"><\/script>\t\t\t\t<\/div>\n\t\t\t\t<\/div>\n\t\t\t\t<\/div>\n\t\t\t\t\t<\/div>\n\t\t\t\t<\/div>\n\t\t<div class=\"elementor-element elementor-element-bce6e9e e-flex e-con-boxed e-con e-parent\" data-id=\"bce6e9e\" data-element_type=\"container\" data-e-type=\"container\" data-settings=\"{&quot;background_background&quot;:&quot;classic&quot;}\">\n\t\t\t\t\t<div class=\"e-con-inner\">\n\t\t\t\t<div class=\"elementor-element elementor-element-4ce0905 elementor-widget elementor-widget-spacer\" data-id=\"4ce0905\" data-element_type=\"widget\" data-e-type=\"widget\" data-widget_type=\"spacer.default\">\n\t\t\t\t<div class=\"elementor-widget-container\">\n\t\t\t\t\t\t\t<div class=\"elementor-spacer\">\n\t\t\t<div class=\"elementor-spacer-inner\"><\/div>\n\t\t<\/div>\n\t\t\t\t\t\t<\/div>\n\t\t\t\t<\/div>\n\t\t\t\t\t<\/div>\n\t\t\t\t<\/div>\n\t\t\t\t<\/div>","protected":false},"excerpt":{"rendered":"<p>Kontakt Facebook Youtube Instagram Adres: MIXMANN AUDIO SYSTEMSHandlowa 12 Street87-125, Osiek n\/W, Poland Phone: +48 509 279 994 Email: info@danielhertz.eu<\/p>","protected":false},"author":2,"featured_media":0,"parent":0,"menu_order":0,"comment_status":"closed","ping_status":"closed","template":"","meta":{"om_disable_all_campaigns":false,"_monsterinsights_skip_tracking":false,"_monsterinsights_sitenote_active":false,"_monsterinsights_sitenote_note":"","_monsterinsights_sitenote_category":0,"footnotes":""},"class_list":["post-342","page","type-page","status-publish","hentry"],"yoast_head":"<!-- This site is optimized with the Yoast SEO plugin v27.4 - https:\/\/yoast.com\/product\/yoast-seo-wordpress\/ -->\n<title>Contact - Daniel Hertz<\/title>\n<meta name=\"description\" content=\"Get in touch with Daniel Hertz for any inquiries, support, or information about our products. Find our contact details.\" \/>\n<meta name=\"robots\" content=\"index, follow, max-snippet:-1, max-image-preview:large, max-video-preview:-1\" \/>\n<link rel=\"canonical\" href=\"https:\/\/danielhertz.eu\/pl\/kontakt\/\" \/>\n<meta property=\"og:locale\" content=\"pl_PL\" \/>\n<meta property=\"og:type\" content=\"article\" \/>\n<meta property=\"og:title\" content=\"Contact - Daniel Hertz\" \/>\n<meta property=\"og:description\" content=\"Get in touch with Daniel Hertz for any inquiries, support, or information about our products. Find our contact details.\" \/>\n<meta property=\"og:url\" content=\"https:\/\/danielhertz.eu\/pl\/kontakt\/\" \/>\n<meta property=\"og:site_name\" content=\"Daniel Hertz\" \/>\n<meta property=\"article:publisher\" content=\"https:\/\/www.facebook.com\/people\/Daniel-Hertz-Music-Lovers-Club\/61566930280945\/\" \/>\n<meta property=\"article:modified_time\" content=\"2025-09-25T13:17:52+00:00\" \/>\n<meta name=\"twitter:card\" content=\"summary_large_image\" \/>\n<meta name=\"twitter:label1\" content=\"Szacowany czas czytania\" \/>\n\t<meta name=\"twitter:data1\" content=\"1 minuta\" \/>\n<script type=\"application\/ld+json\" class=\"yoast-schema-graph\">{\"@context\":\"https:\\\/\\\/schema.org\",\"@graph\":[{\"@type\":\"WebPage\",\"@id\":\"https:\\\/\\\/danielhertz.eu\\\/pl\\\/kontakt\\\/\",\"url\":\"https:\\\/\\\/danielhertz.eu\\\/pl\\\/kontakt\\\/\",\"name\":\"Contact - Daniel Hertz\",\"isPartOf\":{\"@id\":\"https:\\\/\\\/danielhertz.eu\\\/es\\\/#website\"},\"datePublished\":\"2020-03-13T17:30:32+00:00\",\"dateModified\":\"2025-09-25T13:17:52+00:00\",\"description\":\"Get in touch with Daniel Hertz for any inquiries, support, or information about our products. Find our contact details.\",\"breadcrumb\":{\"@id\":\"https:\\\/\\\/danielhertz.eu\\\/pl\\\/kontakt\\\/#breadcrumb\"},\"inLanguage\":\"pl-PL\",\"potentialAction\":[{\"@type\":\"ReadAction\",\"target\":[\"https:\\\/\\\/danielhertz.eu\\\/pl\\\/kontakt\\\/\"]}]},{\"@type\":\"BreadcrumbList\",\"@id\":\"https:\\\/\\\/danielhertz.eu\\\/pl\\\/kontakt\\\/#breadcrumb\",\"itemListElement\":[{\"@type\":\"ListItem\",\"position\":1,\"name\":\"Home\",\"item\":\"https:\\\/\\\/danielhertz.eu\\\/pl\\\/\"},{\"@type\":\"ListItem\",\"position\":2,\"name\":\"Contact Us\"}]},{\"@type\":\"WebSite\",\"@id\":\"https:\\\/\\\/danielhertz.eu\\\/es\\\/#website\",\"url\":\"https:\\\/\\\/danielhertz.eu\\\/es\\\/\",\"name\":\"Daniel Hertz\",\"description\":\"Audio systems\",\"publisher\":{\"@id\":\"https:\\\/\\\/danielhertz.eu\\\/es\\\/#organization\"},\"potentialAction\":[{\"@type\":\"SearchAction\",\"target\":{\"@type\":\"EntryPoint\",\"urlTemplate\":\"https:\\\/\\\/danielhertz.eu\\\/es\\\/?s={search_term_string}\"},\"query-input\":{\"@type\":\"PropertyValueSpecification\",\"valueRequired\":true,\"valueName\":\"search_term_string\"}}],\"inLanguage\":\"pl-PL\"},{\"@type\":\"Organization\",\"@id\":\"https:\\\/\\\/danielhertz.eu\\\/es\\\/#organization\",\"name\":\"Daniel Hertz\",\"url\":\"https:\\\/\\\/danielhertz.eu\\\/es\\\/\",\"logo\":{\"@type\":\"ImageObject\",\"inLanguage\":\"pl-PL\",\"@id\":\"https:\\\/\\\/danielhertz.eu\\\/es\\\/#\\\/schema\\\/logo\\\/image\\\/\",\"url\":\"https:\\\/\\\/danielhertz.eu\\\/wp-content\\\/uploads\\\/2025\\\/09\\\/daniel-herz-logo.jpg\",\"contentUrl\":\"https:\\\/\\\/danielhertz.eu\\\/wp-content\\\/uploads\\\/2025\\\/09\\\/daniel-herz-logo.jpg\",\"width\":220,\"height\":217,\"caption\":\"Daniel Hertz\"},\"image\":{\"@id\":\"https:\\\/\\\/danielhertz.eu\\\/es\\\/#\\\/schema\\\/logo\\\/image\\\/\"},\"sameAs\":[\"https:\\\/\\\/www.facebook.com\\\/people\\\/Daniel-Hertz-Music-Lovers-Club\\\/61566930280945\\\/\"]}]}<\/script>\n<!-- \/ Yoast SEO plugin. -->","yoast_head_json":{"title":"Kontakt - Daniel Hertz","description":"Skontaktuj si\u0119 z Danielem Hertzem, aby uzyska\u0107 wszelkie zapytania, wsparcie lub informacje o naszych produktach. Znajd\u017a nasze dane kontaktowe.","robots":{"index":"index","follow":"follow","max-snippet":"max-snippet:-1","max-image-preview":"max-image-preview:large","max-video-preview":"max-video-preview:-1"},"canonical":"https:\/\/danielhertz.eu\/pl\/kontakt\/","og_locale":"pl_PL","og_type":"article","og_title":"Contact - Daniel Hertz","og_description":"Get in touch with Daniel Hertz for any inquiries, support, or information about our products. Find our contact details.","og_url":"https:\/\/danielhertz.eu\/pl\/kontakt\/","og_site_name":"Daniel Hertz","article_publisher":"https:\/\/www.facebook.com\/people\/Daniel-Hertz-Music-Lovers-Club\/61566930280945\/","article_modified_time":"2025-09-25T13:17:52+00:00","twitter_card":"summary_large_image","twitter_misc":{"Szacowany czas czytania":"1 minuta"},"schema":{"@context":"https:\/\/schema.org","@graph":[{"@type":"WebPage","@id":"https:\/\/danielhertz.eu\/pl\/kontakt\/","url":"https:\/\/danielhertz.eu\/pl\/kontakt\/","name":"Kontakt - Daniel Hertz","isPartOf":{"@id":"https:\/\/danielhertz.eu\/es\/#website"},"datePublished":"2020-03-13T17:30:32+00:00","dateModified":"2025-09-25T13:17:52+00:00","description":"Skontaktuj si\u0119 z Danielem Hertzem, aby uzyska\u0107 wszelkie zapytania, wsparcie lub informacje o naszych produktach. Znajd\u017a nasze dane kontaktowe.","breadcrumb":{"@id":"https:\/\/danielhertz.eu\/pl\/kontakt\/#breadcrumb"},"inLanguage":"pl-PL","potentialAction":[{"@type":"ReadAction","target":["https:\/\/danielhertz.eu\/pl\/kontakt\/"]}]},{"@type":"BreadcrumbList","@id":"https:\/\/danielhertz.eu\/pl\/kontakt\/#breadcrumb","itemListElement":[{"@type":"ListItem","position":1,"name":"Home","item":"https:\/\/danielhertz.eu\/pl\/"},{"@type":"ListItem","position":2,"name":"Contact Us"}]},{"@type":"WebSite","@id":"https:\/\/danielhertz.eu\/es\/#website","url":"https:\/\/danielhertz.eu\/es\/","name":"Daniel Hertz","description":"Systemy audio","publisher":{"@id":"https:\/\/danielhertz.eu\/es\/#organization"},"potentialAction":[{"@type":"SearchAction","target":{"@type":"EntryPoint","urlTemplate":"https:\/\/danielhertz.eu\/es\/?s={search_term_string}"},"query-input":{"@type":"PropertyValueSpecification","valueRequired":true,"valueName":"search_term_string"}}],"inLanguage":"pl-PL"},{"@type":"Organization","@id":"https:\/\/danielhertz.eu\/es\/#organization","name":"Daniel Hertz","url":"https:\/\/danielhertz.eu\/es\/","logo":{"@type":"ImageObject","inLanguage":"pl-PL","@id":"https:\/\/danielhertz.eu\/es\/#\/schema\/logo\/image\/","url":"https:\/\/danielhertz.eu\/wp-content\/uploads\/2025\/09\/daniel-herz-logo.jpg","contentUrl":"https:\/\/danielhertz.eu\/wp-content\/uploads\/2025\/09\/daniel-herz-logo.jpg","width":220,"height":217,"caption":"Daniel Hertz"},"image":{"@id":"https:\/\/danielhertz.eu\/es\/#\/schema\/logo\/image\/"},"sameAs":["https:\/\/www.facebook.com\/people\/Daniel-Hertz-Music-Lovers-Club\/61566930280945\/"]}]}},"_links":{"self":[{"href":"https:\/\/danielhertz.eu\/pl\/wp-json\/wp\/v2\/pages\/342","targetHints":{"allow":["GET"]}}],"collection":[{"href":"https:\/\/danielhertz.eu\/pl\/wp-json\/wp\/v2\/pages"}],"about":[{"href":"https:\/\/danielhertz.eu\/pl\/wp-json\/wp\/v2\/types\/page"}],"author":[{"embeddable":true,"href":"https:\/\/danielhertz.eu\/pl\/wp-json\/wp\/v2\/users\/2"}],"replies":[{"embeddable":true,"href":"https:\/\/danielhertz.eu\/pl\/wp-json\/wp\/v2\/comments?post=342"}],"version-history":[{"count":30,"href":"https:\/\/danielhertz.eu\/pl\/wp-json\/wp\/v2\/pages\/342\/revisions"}],"predecessor-version":[{"id":992363,"href":"https:\/\/danielhertz.eu\/pl\/wp-json\/wp\/v2\/pages\/342\/revisions\/992363"}],"wp:attachment":[{"href":"https:\/\/danielhertz.eu\/pl\/wp-json\/wp\/v2\/media?parent=342"}],"curies":[{"name":"wp","href":"https:\/\/api.w.org\/{rel}","templated":true}]}}