{"id":990896,"date":"2024-05-14T07:51:33","date_gmt":"2024-05-14T07:51:33","guid":{"rendered":"https:\/\/danielhertz.eu\/?page_id=990896"},"modified":"2024-05-21T08:45:53","modified_gmt":"2024-05-21T08:45:53","slug":"politica-de-privacidad","status":"publish","type":"page","link":"https:\/\/danielhertz.eu\/es\/mark-levinsons-audio-legacy\/politica-de-privacidad\/","title":{"rendered":"Pol\u00edtica de privacidad"},"content":{"rendered":"<div data-elementor-type=\"wp-page\" data-elementor-id=\"990896\" class=\"elementor elementor-990896\" data-elementor-post-type=\"page\">\n\t\t\t\t<div class=\"elementor-element elementor-element-ea414ec e-flex e-con-boxed e-con e-parent\" data-id=\"ea414ec\" data-element_type=\"container\" data-e-type=\"container\" data-settings=\"{&quot;background_background&quot;:&quot;classic&quot;}\">\n\t\t\t\t\t<div class=\"e-con-inner\">\n\t\t\t\t<div class=\"elementor-element elementor-element-848d474 elementor-widget elementor-widget-spacer\" data-id=\"848d474\" data-element_type=\"widget\" data-e-type=\"widget\" data-widget_type=\"spacer.default\">\n\t\t\t\t<div class=\"elementor-widget-container\">\n\t\t\t\t\t\t\t<div class=\"elementor-spacer\">\n\t\t\t<div class=\"elementor-spacer-inner\"><\/div>\n\t\t<\/div>\n\t\t\t\t\t\t<\/div>\n\t\t\t\t<\/div>\n\t\t\t\t<div class=\"elementor-element elementor-element-d49a910 elementor-widget elementor-widget-heading\" data-id=\"d49a910\" data-element_type=\"widget\" data-e-type=\"widget\" data-widget_type=\"heading.default\">\n\t\t\t\t<div class=\"elementor-widget-container\">\n\t\t\t\t\t<h2 class=\"elementor-heading-title elementor-size-default\">Pol\u00edtica de privacidad<\/h2>\t\t\t\t<\/div>\n\t\t\t\t<\/div>\n\t\t\t\t\t<\/div>\n\t\t\t\t<\/div>\n\t\t\t\t<section class=\"elementor-section elementor-top-section elementor-element elementor-element-363b98b7 elementor-section-boxed elementor-section-height-default elementor-section-height-default\" data-id=\"363b98b7\" data-element_type=\"section\" data-e-type=\"section\">\n\t\t\t\t\t\t<div class=\"elementor-container elementor-column-gap-default\">\n\t\t\t\t\t<div class=\"elementor-column elementor-col-100 elementor-top-column elementor-element elementor-element-3fc36e3e\" data-id=\"3fc36e3e\" data-element_type=\"column\" data-e-type=\"column\">\n\t\t\t<div class=\"elementor-widget-wrap elementor-element-populated\">\n\t\t\t\t\t\t<div class=\"elementor-element elementor-element-4a22f29 elementor-widget elementor-widget-text-editor\" data-id=\"4a22f29\" data-element_type=\"widget\" data-e-type=\"widget\" data-widget_type=\"text-editor.default\">\n\t\t\t\t<div class=\"elementor-widget-container\">\n\t\t\t\t\t\t\t\t\t<p><span style=\"font-weight: 400;\">Esta Pol\u00edtica de Privacidad describe c\u00f3mo Daniel Hertz recoge, utiliza y divulga sus datos personales cuando usted visita nuestro sitio web.<\/span><a href=\"https:\/\/danielhertz.eu\/es\"><span style=\"font-weight: 400;\"> https:\/\/danielhertz.eu\/<\/span><\/a><span style=\"font-weight: 400;\"> (el \"Servicio\").<\/span><\/p><p><span style=\"font-weight: 400;\">Al utilizar nuestro Servicio, usted da su consentimiento a la recogida y uso de sus datos personales tal y como se describe en la presente Pol\u00edtica de Privacidad.<\/span><\/p><ol><li style=\"font-weight: 400;\" aria-level=\"1\"><b>Informaci\u00f3n que recopilamos<\/b><\/li><\/ol><p><span style=\"font-weight: 400;\">Recopilamos cierta informaci\u00f3n cuando usted utiliza nuestro Servicio, incluyendo:<\/span><\/p><ul><li style=\"font-weight: 400;\" aria-level=\"1\"><b>Informaci\u00f3n personal:<\/b><span style=\"font-weight: 400;\"> Cuando rellena formularios en nuestro sitio web, como el formulario de contacto, el formulario de suscripci\u00f3n, al crear una cuenta para The Daniel Hertz Music Lovers Club, y al proporcionar informaci\u00f3n para procesar pagos en nuestra tienda, recopilamos informaci\u00f3n personal como su nombre, direcci\u00f3n de correo electr\u00f3nico, n\u00famero de tel\u00e9fono, direcci\u00f3n residencial.<\/span><\/li><li style=\"font-weight: 400;\" aria-level=\"1\"><b>Datos de uso:<\/b><span style=\"font-weight: 400;\"> Podemos recopilar informaci\u00f3n sobre c\u00f3mo interact\u00faa con nuestro Servicio, incluida su direcci\u00f3n IP, tipo de navegador, sistema operativo, URL de referencia y otros datos de uso.<\/span><\/li><\/ul><ol><li style=\"font-weight: 400;\" aria-level=\"1\"><b>C\u00f3mo utilizamos su informaci\u00f3n<\/b><\/li><\/ol><p><span style=\"font-weight: 400;\">Podemos utilizar la informaci\u00f3n que recopilamos para los siguientes fines:<\/span><\/p><ul><li style=\"font-weight: 400;\" aria-level=\"1\"><span style=\"font-weight: 400;\">Proporcionar y mantener nuestro Servicio;<\/span><\/li><li style=\"font-weight: 400;\" aria-level=\"1\"><span style=\"font-weight: 400;\">Para responder a sus consultas y comunicarnos con usted;<\/span><\/li><li style=\"font-weight: 400;\" aria-level=\"1\"><span style=\"font-weight: 400;\">Para enviarle comunicaciones de marketing, cuando usted haya optado por recibirlas;<\/span><\/li><li style=\"font-weight: 400;\" aria-level=\"1\"><span style=\"font-weight: 400;\">Para analizar las tendencias de uso y mejorar nuestro Servicio;<\/span><\/li><li style=\"font-weight: 400;\" aria-level=\"1\"><span style=\"font-weight: 400;\">Para cumplir obligaciones legales.<\/span><\/li><\/ul><ol><li style=\"font-weight: 400;\" aria-level=\"1\"><b>Cookies y tecnolog\u00edas de seguimiento<\/b><\/li><\/ol><p><span style=\"font-weight: 400;\">Utilizamos cookies y tecnolog\u00edas de seguimiento similares para rastrear la actividad en nuestro Servicio y conservar cierta informaci\u00f3n. Puede configurar su navegador para que rechace todas las cookies o para que le indique cu\u00e1ndo se env\u00eda una cookie. Sin embargo, si no acepta las cookies, es posible que no pueda utilizar algunas partes de nuestro Servicio.<\/span><\/p><ol><li style=\"font-weight: 400;\" aria-level=\"1\"><b>Conservaci\u00f3n de datos<\/b><\/li><\/ol><ul><li style=\"font-weight: 400;\" aria-level=\"1\"><span style=\"font-weight: 400;\">Preocupados por la seguridad de los datos que se nos conf\u00edan, hemos desarrollado procedimientos y directrices internos destinados a evitar la divulgaci\u00f3n de datos a personas no autorizadas. Supervisamos su aplicaci\u00f3n y verificamos continuamente su conformidad con los actos jur\u00eddicos pertinentes: la Ley de Protecci\u00f3n de Datos Personales, la Ley de Prestaci\u00f3n de Servicios Electr\u00f3nicos, as\u00ed como diversos actos ejecutivos y actos de derecho comunitario.<\/span><\/li><\/ul><ul><li style=\"font-weight: 400;\" aria-level=\"1\"><span style=\"font-weight: 400;\">\u00a0El servicio recoge informaci\u00f3n que usted facilita voluntariamente.<\/span><\/li><\/ul><ul><li style=\"font-weight: 400;\" aria-level=\"1\"><span style=\"font-weight: 400;\">\u00a0Los datos personales dejados en el servicio no se vender\u00e1n ni compartir\u00e1n con terceros, de conformidad con lo dispuesto en la Ley de Protecci\u00f3n de Datos Personales.<\/span><\/li><\/ul><ul><li style=\"font-weight: 400;\" aria-level=\"1\"><span style=\"font-weight: 400;\">\u00a0\u00a0Los datos personales cuyo tratamiento haya consentido se conservar\u00e1n hasta que retire su consentimiento.<\/span><\/li><\/ul><ol><li style=\"font-weight: 400;\" aria-level=\"1\"><b>Enlaces a otros sitios web\/plataformas<\/b><\/li><\/ol><p><span style=\"font-weight: 400;\">El Servicio puede contener enlaces a otros sitios web. Dichos sitios web funcionan independientemente del Servicio y no est\u00e1n bajo su control. Estos sitios pueden tener sus propias pol\u00edticas de privacidad y condiciones de servicio, que recomendamos revisar.<\/span><\/p><ol><li style=\"font-weight: 400;\" aria-level=\"1\"><b>Divulgaci\u00f3n de sus datos<\/b><\/li><\/ol><p><span style=\"font-weight: 400;\">Podemos revelar su informaci\u00f3n personal en las siguientes circunstancias:<\/span><\/p><ul><li style=\"font-weight: 400;\" aria-level=\"1\"><span style=\"font-weight: 400;\">A terceros proveedores de servicios que nos ayudan en el funcionamiento de nuestro Servicio;<\/span><\/li><li style=\"font-weight: 400;\" aria-level=\"1\"><span style=\"font-weight: 400;\">Cumplir obligaciones legales o responder a solicitudes leg\u00edtimas de las autoridades p\u00fablicas.<\/span><\/li><\/ul><ol><li style=\"font-weight: 400;\" aria-level=\"1\"><b>Sus derechos<\/b><\/li><\/ol><p><span style=\"font-weight: 400;\">Usted tiene ciertos derechos en relaci\u00f3n con sus datos personales, incluido el derecho a acceder a ellos, rectificarlos o suprimirlos. Tambi\u00e9n puede tener derecho a oponerse a determinadas actividades de tratamiento o a restringirlas. Para ejercer estos derechos, p\u00f3ngase en contacto con nosotros a trav\u00e9s de los datos de contacto que figuran en la p\u00e1gina web de la Comisi\u00f3n Europea.<\/span><a href=\"https:\/\/danielhertz.eu\/es\/descubra-a-daniel-hertz\/pongase-en-contacto-con\/\"><span style=\"font-weight: 400;\"> Contacto<\/span><\/a><span style=\"font-weight: 400;\">.<\/span><\/p><ol><li style=\"font-weight: 400;\" aria-level=\"1\"><b>Cambios en esta pol\u00edtica de privacidad<\/b><\/li><\/ol><p><span style=\"font-weight: 400;\">Es posible que actualicemos nuestra Pol\u00edtica de Privacidad de vez en cuando. Le notificaremos cualquier cambio publicando la nueva Pol\u00edtica de Privacidad en esta p\u00e1gina.<\/span><\/p><ol><li style=\"font-weight: 400;\" aria-level=\"1\"><b>Contacte con nosotros<\/b><\/li><\/ol><p><span style=\"font-weight: 400;\">Si tiene alguna pregunta sobre esta Pol\u00edtica de privacidad, p\u00f3ngase en contacto con nosotros a trav\u00e9s de los datos de contacto que figuran en la p\u00e1gina<\/span><a href=\"https:\/\/danielhertz.eu\/es\/descubra-a-daniel-hertz\/pongase-en-contacto-con\/\"><span style=\"font-weight: 400;\"> Contacto<\/span><\/a><span style=\"font-weight: 400;\">.<\/span><\/p><p><span style=\"font-weight: 400;\"><br \/><\/span><span style=\"font-weight: 400;\">En lo no previsto reglamentariamente, se estar\u00e1 a lo dispuesto en el Derecho de la Uni\u00f3n Europea, en particular en el GDPR (General Data Protection Regulation) (Reglamento (UE) 2016\/679 del Parlamento Europeo y del Consejo, de 27 de abril de 2016, relativo a la protecci\u00f3n de las personas f\u00edsicas en lo que respecta al tratamiento de datos personales y a la libre circulaci\u00f3n de estos datos y por el que se deroga la Directiva 95\/46\/CE).<\/span><\/p>\t\t\t\t\t\t\t\t<\/div>\n\t\t\t\t<\/div>\n\t\t\t\t\t<\/div>\n\t\t<\/div>\n\t\t\t\t\t<\/div>\n\t\t<\/section>\n\t\t\t\t<\/div>","protected":false},"excerpt":{"rendered":"<p>Pol\u00edtica de privacidad Esta Pol\u00edtica de privacidad describe c\u00f3mo Daniel Hertz recopila, utiliza y divulga sus datos personales cuando visita nuestro sitio web https:\/\/danielhertz.eu\/ (el \"Servicio\"). Al utilizar nuestro Servicio, usted da su consentimiento a la recopilaci\u00f3n y uso de sus datos personales tal y como se describe en esta Pol\u00edtica de Privacidad. Informaci\u00f3n que recopilamos Recopilamos cierta informaci\u00f3n cuando usted utiliza...<\/p>","protected":false},"author":2,"featured_media":0,"parent":336,"menu_order":0,"comment_status":"closed","ping_status":"closed","template":"","meta":{"om_disable_all_campaigns":false,"_monsterinsights_skip_tracking":false,"_monsterinsights_sitenote_active":false,"_monsterinsights_sitenote_note":"","_monsterinsights_sitenote_category":0,"footnotes":""},"class_list":["post-990896","page","type-page","status-publish","hentry"],"yoast_head":"<!-- This site is optimized with the Yoast SEO plugin v27.4 - https:\/\/yoast.com\/product\/yoast-seo-wordpress\/ -->\n<title>Privacy Policy - Daniel Hertz<\/title>\n<meta name=\"description\" content=\"Daniel Hertz&#039;s Privacy Policy ensures transparency and security in handling your personal information. Please read our Privacy Policy.\" \/>\n<meta name=\"robots\" content=\"index, follow, max-snippet:-1, max-image-preview:large, max-video-preview:-1\" \/>\n<link rel=\"canonical\" href=\"https:\/\/danielhertz.eu\/es\/mark-levinsons-audio-legacy\/politica-de-privacidad\/\" \/>\n<meta property=\"og:locale\" content=\"es_ES\" \/>\n<meta property=\"og:type\" content=\"article\" \/>\n<meta property=\"og:title\" content=\"Privacy Policy - Daniel Hertz\" \/>\n<meta property=\"og:description\" content=\"Daniel Hertz&#039;s Privacy Policy ensures transparency and security in handling your personal information. Please read our Privacy Policy.\" \/>\n<meta property=\"og:url\" content=\"https:\/\/danielhertz.eu\/es\/mark-levinsons-audio-legacy\/politica-de-privacidad\/\" \/>\n<meta property=\"og:site_name\" content=\"Daniel Hertz\" \/>\n<meta property=\"article:publisher\" content=\"https:\/\/www.facebook.com\/people\/Daniel-Hertz-Music-Lovers-Club\/61566930280945\/\" \/>\n<meta property=\"article:modified_time\" content=\"2024-05-21T08:45:53+00:00\" \/>\n<meta name=\"twitter:card\" content=\"summary_large_image\" \/>\n<meta name=\"twitter:label1\" content=\"Tiempo de lectura\" \/>\n\t<meta name=\"twitter:data1\" content=\"3 minutos\" \/>\n<script type=\"application\/ld+json\" class=\"yoast-schema-graph\">{\"@context\":\"https:\\\/\\\/schema.org\",\"@graph\":[{\"@type\":\"WebPage\",\"@id\":\"https:\\\/\\\/danielhertz.eu\\\/pl\\\/odkryj-daniela-hertza\\\/polityka-prywatnosci\\\/\",\"url\":\"https:\\\/\\\/danielhertz.eu\\\/pl\\\/odkryj-daniela-hertza\\\/polityka-prywatnosci\\\/\",\"name\":\"Privacy Policy - Daniel Hertz\",\"isPartOf\":{\"@id\":\"https:\\\/\\\/danielhertz.eu\\\/es\\\/#website\"},\"datePublished\":\"2024-05-14T07:51:33+00:00\",\"dateModified\":\"2024-05-21T08:45:53+00:00\",\"description\":\"Daniel Hertz's Privacy Policy ensures transparency and security in handling your personal information. Please read our Privacy Policy.\",\"breadcrumb\":{\"@id\":\"https:\\\/\\\/danielhertz.eu\\\/pl\\\/odkryj-daniela-hertza\\\/polityka-prywatnosci\\\/#breadcrumb\"},\"inLanguage\":\"es\",\"potentialAction\":[{\"@type\":\"ReadAction\",\"target\":[\"https:\\\/\\\/danielhertz.eu\\\/pl\\\/odkryj-daniela-hertza\\\/polityka-prywatnosci\\\/\"]}]},{\"@type\":\"BreadcrumbList\",\"@id\":\"https:\\\/\\\/danielhertz.eu\\\/pl\\\/odkryj-daniela-hertza\\\/polityka-prywatnosci\\\/#breadcrumb\",\"itemListElement\":[{\"@type\":\"ListItem\",\"position\":1,\"name\":\"Home\",\"item\":\"https:\\\/\\\/danielhertz.eu\\\/pl\\\/\"},{\"@type\":\"ListItem\",\"position\":2,\"name\":\"Mark Levinson&#8217;s audio legacy\",\"item\":\"https:\\\/\\\/danielhertz.eu\\\/pl\\\/odkryj-daniela-hertza\\\/\"},{\"@type\":\"ListItem\",\"position\":3,\"name\":\"Privacy Policy\"}]},{\"@type\":\"WebSite\",\"@id\":\"https:\\\/\\\/danielhertz.eu\\\/es\\\/#website\",\"url\":\"https:\\\/\\\/danielhertz.eu\\\/es\\\/\",\"name\":\"Daniel Hertz\",\"description\":\"Audio systems\",\"publisher\":{\"@id\":\"https:\\\/\\\/danielhertz.eu\\\/es\\\/#organization\"},\"potentialAction\":[{\"@type\":\"SearchAction\",\"target\":{\"@type\":\"EntryPoint\",\"urlTemplate\":\"https:\\\/\\\/danielhertz.eu\\\/es\\\/?s={search_term_string}\"},\"query-input\":{\"@type\":\"PropertyValueSpecification\",\"valueRequired\":true,\"valueName\":\"search_term_string\"}}],\"inLanguage\":\"es\"},{\"@type\":\"Organization\",\"@id\":\"https:\\\/\\\/danielhertz.eu\\\/es\\\/#organization\",\"name\":\"Daniel Hertz\",\"url\":\"https:\\\/\\\/danielhertz.eu\\\/es\\\/\",\"logo\":{\"@type\":\"ImageObject\",\"inLanguage\":\"es\",\"@id\":\"https:\\\/\\\/danielhertz.eu\\\/es\\\/#\\\/schema\\\/logo\\\/image\\\/\",\"url\":\"https:\\\/\\\/danielhertz.eu\\\/wp-content\\\/uploads\\\/2025\\\/09\\\/daniel-herz-logo.jpg\",\"contentUrl\":\"https:\\\/\\\/danielhertz.eu\\\/wp-content\\\/uploads\\\/2025\\\/09\\\/daniel-herz-logo.jpg\",\"width\":220,\"height\":217,\"caption\":\"Daniel Hertz\"},\"image\":{\"@id\":\"https:\\\/\\\/danielhertz.eu\\\/es\\\/#\\\/schema\\\/logo\\\/image\\\/\"},\"sameAs\":[\"https:\\\/\\\/www.facebook.com\\\/people\\\/Daniel-Hertz-Music-Lovers-Club\\\/61566930280945\\\/\"]}]}<\/script>\n<!-- \/ Yoast SEO plugin. -->","yoast_head_json":{"title":"Pol\u00edtica de privacidad - Daniel Hertz","description":"La Pol\u00edtica de Privacidad de Daniel Hertz garantiza la transparencia y seguridad en el tratamiento de su informaci\u00f3n personal. Lea nuestra Pol\u00edtica de privacidad.","robots":{"index":"index","follow":"follow","max-snippet":"max-snippet:-1","max-image-preview":"max-image-preview:large","max-video-preview":"max-video-preview:-1"},"canonical":"https:\/\/danielhertz.eu\/es\/mark-levinsons-audio-legacy\/politica-de-privacidad\/","og_locale":"es_ES","og_type":"article","og_title":"Privacy Policy - Daniel Hertz","og_description":"Daniel Hertz's Privacy Policy ensures transparency and security in handling your personal information. Please read our Privacy Policy.","og_url":"https:\/\/danielhertz.eu\/es\/mark-levinsons-audio-legacy\/politica-de-privacidad\/","og_site_name":"Daniel Hertz","article_publisher":"https:\/\/www.facebook.com\/people\/Daniel-Hertz-Music-Lovers-Club\/61566930280945\/","article_modified_time":"2024-05-21T08:45:53+00:00","twitter_card":"summary_large_image","twitter_misc":{"Tiempo de lectura":"3 minutos"},"schema":{"@context":"https:\/\/schema.org","@graph":[{"@type":"WebPage","@id":"https:\/\/danielhertz.eu\/pl\/odkryj-daniela-hertza\/polityka-prywatnosci\/","url":"https:\/\/danielhertz.eu\/pl\/odkryj-daniela-hertza\/polityka-prywatnosci\/","name":"Pol\u00edtica de privacidad - Daniel Hertz","isPartOf":{"@id":"https:\/\/danielhertz.eu\/es\/#website"},"datePublished":"2024-05-14T07:51:33+00:00","dateModified":"2024-05-21T08:45:53+00:00","description":"La Pol\u00edtica de Privacidad de Daniel Hertz garantiza la transparencia y seguridad en el tratamiento de su informaci\u00f3n personal. Lea nuestra Pol\u00edtica de privacidad.","breadcrumb":{"@id":"https:\/\/danielhertz.eu\/pl\/odkryj-daniela-hertza\/polityka-prywatnosci\/#breadcrumb"},"inLanguage":"es","potentialAction":[{"@type":"ReadAction","target":["https:\/\/danielhertz.eu\/pl\/odkryj-daniela-hertza\/polityka-prywatnosci\/"]}]},{"@type":"BreadcrumbList","@id":"https:\/\/danielhertz.eu\/pl\/odkryj-daniela-hertza\/polityka-prywatnosci\/#breadcrumb","itemListElement":[{"@type":"ListItem","position":1,"name":"Home","item":"https:\/\/danielhertz.eu\/pl\/"},{"@type":"ListItem","position":2,"name":"Mark Levinson&#8217;s audio legacy","item":"https:\/\/danielhertz.eu\/pl\/odkryj-daniela-hertza\/"},{"@type":"ListItem","position":3,"name":"Privacy Policy"}]},{"@type":"WebSite","@id":"https:\/\/danielhertz.eu\/es\/#website","url":"https:\/\/danielhertz.eu\/es\/","name":"Daniel Hertz","description":"Sistemas de audio","publisher":{"@id":"https:\/\/danielhertz.eu\/es\/#organization"},"potentialAction":[{"@type":"SearchAction","target":{"@type":"EntryPoint","urlTemplate":"https:\/\/danielhertz.eu\/es\/?s={search_term_string}"},"query-input":{"@type":"PropertyValueSpecification","valueRequired":true,"valueName":"search_term_string"}}],"inLanguage":"es"},{"@type":"Organization","@id":"https:\/\/danielhertz.eu\/es\/#organization","name":"Daniel Hertz","url":"https:\/\/danielhertz.eu\/es\/","logo":{"@type":"ImageObject","inLanguage":"es","@id":"https:\/\/danielhertz.eu\/es\/#\/schema\/logo\/image\/","url":"https:\/\/danielhertz.eu\/wp-content\/uploads\/2025\/09\/daniel-herz-logo.jpg","contentUrl":"https:\/\/danielhertz.eu\/wp-content\/uploads\/2025\/09\/daniel-herz-logo.jpg","width":220,"height":217,"caption":"Daniel Hertz"},"image":{"@id":"https:\/\/danielhertz.eu\/es\/#\/schema\/logo\/image\/"},"sameAs":["https:\/\/www.facebook.com\/people\/Daniel-Hertz-Music-Lovers-Club\/61566930280945\/"]}]}},"_links":{"self":[{"href":"https:\/\/danielhertz.eu\/es\/wp-json\/wp\/v2\/pages\/990896","targetHints":{"allow":["GET"]}}],"collection":[{"href":"https:\/\/danielhertz.eu\/es\/wp-json\/wp\/v2\/pages"}],"about":[{"href":"https:\/\/danielhertz.eu\/es\/wp-json\/wp\/v2\/types\/page"}],"author":[{"embeddable":true,"href":"https:\/\/danielhertz.eu\/es\/wp-json\/wp\/v2\/users\/2"}],"replies":[{"embeddable":true,"href":"https:\/\/danielhertz.eu\/es\/wp-json\/wp\/v2\/comments?post=990896"}],"version-history":[{"count":16,"href":"https:\/\/danielhertz.eu\/es\/wp-json\/wp\/v2\/pages\/990896\/revisions"}],"predecessor-version":[{"id":990912,"href":"https:\/\/danielhertz.eu\/es\/wp-json\/wp\/v2\/pages\/990896\/revisions\/990912"}],"up":[{"embeddable":true,"href":"https:\/\/danielhertz.eu\/es\/wp-json\/wp\/v2\/pages\/336"}],"wp:attachment":[{"href":"https:\/\/danielhertz.eu\/es\/wp-json\/wp\/v2\/media?parent=990896"}],"curies":[{"name":"wp","href":"https:\/\/api.w.org\/{rel}","templated":true}]}}