{"id":990272,"date":"2024-04-26T09:27:34","date_gmt":"2024-04-26T09:27:34","guid":{"rendered":"https:\/\/danielhertz.eu\/?page_id=990272"},"modified":"2024-08-05T19:29:14","modified_gmt":"2024-08-05T19:29:14","slug":"club-de-melomanos-daniel-hertz","status":"publish","type":"page","link":"https:\/\/danielhertz.eu\/es\/mark-levinsons-audio-legacy\/club-de-melomanos-daniel-hertz\/","title":{"rendered":"Club Daniel Hertz para amantes de la m\u00fasica"},"content":{"rendered":"<div data-elementor-type=\"wp-page\" data-elementor-id=\"990272\" class=\"elementor elementor-990272\" data-elementor-post-type=\"page\">\n\t\t\t\t\t\t<section class=\"elementor-section elementor-top-section elementor-element elementor-element-4a7a3e0 elementor-section-height-min-height elementor-section-content-bottom elementor-section-boxed elementor-section-height-default elementor-section-items-middle\" data-id=\"4a7a3e0\" data-element_type=\"section\" data-e-type=\"section\" data-settings=\"{&quot;background_background&quot;:&quot;classic&quot;}\">\n\t\t\t\t\t\t\t<div class=\"elementor-background-overlay\"><\/div>\n\t\t\t\t\t\t\t<div class=\"elementor-container elementor-column-gap-default\">\n\t\t\t\t\t<div class=\"elementor-column elementor-col-100 elementor-top-column elementor-element elementor-element-b64d6fc\" data-id=\"b64d6fc\" data-element_type=\"column\" data-e-type=\"column\">\n\t\t\t<div class=\"elementor-widget-wrap elementor-element-populated\">\n\t\t\t\t\t\t<div class=\"elementor-element elementor-element-6622ad4 elementor-widget elementor-widget-heading\" data-id=\"6622ad4\" data-element_type=\"widget\" data-e-type=\"widget\" data-widget_type=\"heading.default\">\n\t\t\t\t<div class=\"elementor-widget-container\">\n\t\t\t\t\t<h1 class=\"elementor-heading-title elementor-size-default\">Club Daniel Hertz para amantes de la m\u00fasica<\/h1>\t\t\t\t<\/div>\n\t\t\t\t<\/div>\n\t\t\t\t\t<\/div>\n\t\t<\/div>\n\t\t\t\t\t<\/div>\n\t\t<\/section>\n\t\t\t\t<section class=\"elementor-section elementor-top-section elementor-element elementor-element-d6b2196 elementor-section-boxed elementor-section-height-default elementor-section-height-default\" data-id=\"d6b2196\" data-element_type=\"section\" data-e-type=\"section\" data-settings=\"{&quot;background_background&quot;:&quot;classic&quot;}\">\n\t\t\t\t\t\t<div class=\"elementor-container elementor-column-gap-default\">\n\t\t\t\t\t<div class=\"elementor-column elementor-col-100 elementor-top-column elementor-element elementor-element-9ac8dfc\" data-id=\"9ac8dfc\" data-element_type=\"column\" data-e-type=\"column\">\n\t\t\t<div class=\"elementor-widget-wrap elementor-element-populated\">\n\t\t\t\t\t\t<div class=\"elementor-element elementor-element-8fdd2b7 elementor-invisible elementor-widget elementor-widget-heading\" data-id=\"8fdd2b7\" data-element_type=\"widget\" data-e-type=\"widget\" data-settings=\"{&quot;_animation&quot;:&quot;fadeIn&quot;,&quot;_animation_delay&quot;:200}\" data-widget_type=\"heading.default\">\n\t\t\t\t<div class=\"elementor-widget-container\">\n\t\t\t\t\t<h6 class=\"elementor-heading-title elementor-size-default\">CLUB<\/h6>\t\t\t\t<\/div>\n\t\t\t\t<\/div>\n\t\t\t\t<div class=\"elementor-element elementor-element-fb92236 elementor-absolute elementor-widget elementor-widget-image\" data-id=\"fb92236\" data-element_type=\"widget\" data-e-type=\"widget\" data-settings=\"{&quot;_position&quot;:&quot;absolute&quot;}\" data-widget_type=\"image.default\">\n\t\t\t\t<div class=\"elementor-widget-container\">\n\t\t\t\t\t\t\t\t\t<div class=\"elementor-image\">\n\t\t\t\t\t\t\t\t\t\t\t\t\t\t\t\t\t\t\t\t\t<img decoding=\"async\" src=\"https:\/\/danielhertz.eu\/wp-content\/uploads\/2020\/03\/Vector.png\" title=\"\" alt=\"\" loading=\"lazy\" \/>\t\t\t\t\t\t\t\t\t\t\t\t\t\t\t\t\t\t\t\t\t\t\t\t<\/div>\n\t\t\t\t\t\t\t\t<\/div>\n\t\t\t\t<\/div>\n\t\t\t\t<div class=\"elementor-element elementor-element-c5bc09a elementor-widget elementor-widget-heading\" data-id=\"c5bc09a\" data-element_type=\"widget\" data-e-type=\"widget\" data-widget_type=\"heading.default\">\n\t\t\t\t<div class=\"elementor-widget-container\">\n\t\t\t\t\t<h2 class=\"elementor-heading-title elementor-size-default\">\u00danete al Club de Amantes de la M\u00fasica de Daniel Hertz<\/h2>\t\t\t\t<\/div>\n\t\t\t\t<\/div>\n\t\t\t\t<div class=\"elementor-element elementor-element-16f7185 elementor-widget elementor-widget-text-editor\" data-id=\"16f7185\" data-element_type=\"widget\" data-e-type=\"widget\" data-widget_type=\"text-editor.default\">\n\t\t\t\t<div class=\"elementor-widget-container\">\n\t\t\t\t\t\t\t\t\tEntre en un mundo en el que la m\u00fasica es la protagonista y la calidad del sonido reina en todo momento. Nuestro club no es solo una afiliaci\u00f3n: es la puerta de entrada a una vibrante comunidad de audi\u00f3filos apasionados y entusiastas de la m\u00fasica exigentes.\n<br><br>\n\u00bfPor qu\u00e9 afiliarse?\t\t\t\t\t\t\t\t<\/div>\n\t\t\t\t<\/div>\n\t\t\t\t\t<\/div>\n\t\t<\/div>\n\t\t\t\t\t<\/div>\n\t\t<\/section>\n\t\t\t\t<section class=\"elementor-section elementor-top-section elementor-element elementor-element-ba1de6e elementor-section-boxed elementor-section-height-default elementor-section-height-default\" data-id=\"ba1de6e\" data-element_type=\"section\" data-e-type=\"section\">\n\t\t\t\t\t\t<div class=\"elementor-container elementor-column-gap-default\">\n\t\t\t\t\t<div class=\"elementor-column elementor-col-100 elementor-top-column elementor-element elementor-element-3b2d375\" data-id=\"3b2d375\" data-element_type=\"column\" data-e-type=\"column\">\n\t\t\t<div class=\"elementor-widget-wrap elementor-element-populated\">\n\t\t\t\t\t\t<section class=\"elementor-section elementor-inner-section elementor-element elementor-element-4effda4 elementor-section-boxed elementor-section-height-default elementor-section-height-default\" data-id=\"4effda4\" data-element_type=\"section\" data-e-type=\"section\" data-settings=\"{&quot;background_background&quot;:&quot;classic&quot;}\">\n\t\t\t\t\t\t<div class=\"elementor-container elementor-column-gap-default\">\n\t\t\t\t\t<div class=\"elementor-column elementor-col-33 elementor-inner-column elementor-element elementor-element-17fd21a\" data-id=\"17fd21a\" data-element_type=\"column\" data-e-type=\"column\">\n\t\t\t<div class=\"elementor-widget-wrap elementor-element-populated\">\n\t\t\t\t\t\t<div class=\"elementor-element elementor-element-5731b81 elementor-align-center elementor-widget elementor-widget-button\" data-id=\"5731b81\" data-element_type=\"widget\" data-e-type=\"widget\" data-widget_type=\"button.default\">\n\t\t\t\t<div class=\"elementor-widget-container\">\n\t\t\t\t\t\t\t\t\t<div class=\"elementor-button-wrapper\">\n\t\t\t\t\t<a class=\"elementor-button elementor-size-sm\" role=\"button\">\n\t\t\t\t\t\t<span class=\"elementor-button-content-wrapper\">\n\t\t\t\t\t\t\t\t\t<span class=\"elementor-button-text\">Obtenga descuentos exclusivos S\u00d3LO para socios del club.<\/span>\n\t\t\t\t\t<\/span>\n\t\t\t\t\t<\/a>\n\t\t\t\t<\/div>\n\t\t\t\t\t\t\t\t<\/div>\n\t\t\t\t<\/div>\n\t\t\t\t\t<\/div>\n\t\t<\/div>\n\t\t\t\t<div class=\"elementor-column elementor-col-33 elementor-inner-column elementor-element elementor-element-ba25c5f\" data-id=\"ba25c5f\" data-element_type=\"column\" data-e-type=\"column\">\n\t\t\t<div class=\"elementor-widget-wrap elementor-element-populated\">\n\t\t\t\t\t\t<div class=\"elementor-element elementor-element-112433f elementor-align-center elementor-widget elementor-widget-button\" data-id=\"112433f\" data-element_type=\"widget\" data-e-type=\"widget\" data-widget_type=\"button.default\">\n\t\t\t\t<div class=\"elementor-widget-container\">\n\t\t\t\t\t\t\t\t\t<div class=\"elementor-button-wrapper\">\n\t\t\t\t\t<a class=\"elementor-button elementor-size-sm\" role=\"button\">\n\t\t\t\t\t\t<span class=\"elementor-button-content-wrapper\">\n\t\t\t\t\t\t\t\t\t<span class=\"elementor-button-text\">Reciba invitaciones especiales a exposiciones de equipos celebradas en toda Polonia.<\/span>\n\t\t\t\t\t<\/span>\n\t\t\t\t\t<\/a>\n\t\t\t\t<\/div>\n\t\t\t\t\t\t\t\t<\/div>\n\t\t\t\t<\/div>\n\t\t\t\t\t<\/div>\n\t\t<\/div>\n\t\t\t\t<div class=\"elementor-column elementor-col-33 elementor-inner-column elementor-element elementor-element-3447033\" data-id=\"3447033\" data-element_type=\"column\" data-e-type=\"column\">\n\t\t\t<div class=\"elementor-widget-wrap elementor-element-populated\">\n\t\t\t\t\t\t<div class=\"elementor-element elementor-element-677b448 elementor-align-center elementor-widget elementor-widget-button\" data-id=\"677b448\" data-element_type=\"widget\" data-e-type=\"widget\" data-widget_type=\"button.default\">\n\t\t\t\t<div class=\"elementor-widget-container\">\n\t\t\t\t\t\t\t\t\t<div class=\"elementor-button-wrapper\">\n\t\t\t\t\t<a class=\"elementor-button elementor-size-sm\" role=\"button\">\n\t\t\t\t\t\t<span class=\"elementor-button-content-wrapper\">\n\t\t\t\t\t\t\t\t\t<span class=\"elementor-button-text\">Experimente el equipo de audio Daniel Hertz en su hogar.<\/span>\n\t\t\t\t\t<\/span>\n\t\t\t\t\t<\/a>\n\t\t\t\t<\/div>\n\t\t\t\t\t\t\t\t<\/div>\n\t\t\t\t<\/div>\n\t\t\t\t\t<\/div>\n\t\t<\/div>\n\t\t\t\t\t<\/div>\n\t\t<\/section>\n\t\t\t\t<div class=\"elementor-element elementor-element-5140139 elementor-widget elementor-widget-text-editor\" data-id=\"5140139\" data-element_type=\"widget\" data-e-type=\"widget\" data-widget_type=\"text-editor.default\">\n\t\t\t\t<div class=\"elementor-widget-container\">\n\t\t\t\t\t\t\t\t\t<p>Mark Levinson fund\u00f3 Daniel Hertz con la pasi\u00f3n de revolucionar la calidad del audio digital. Su misi\u00f3n no era s\u00f3lo mejorar los est\u00e1ndares, sino sobre todo hacer que la m\u00fasica digital nos llegara al coraz\u00f3n tanto como la anal\u00f3gica. Porque la m\u00fasica no son s\u00f3lo sonidos, sino sobre todo emociones dif\u00edciles de experimentar con los medios digitales ordinarios.<\/p><p>No dejes pasar la oportunidad de enriquecer tu amor por la m\u00fasica. \u00danase hoy mismo al Club de Amantes de la M\u00fasica Daniel Hertz.<\/p>\t\t\t\t\t\t\t\t<\/div>\n\t\t\t\t<\/div>\n\t\t\t\t\t<\/div>\n\t\t<\/div>\n\t\t\t\t\t<\/div>\n\t\t<\/section>\n\t\t\t\t<\/div>","protected":false},"excerpt":{"rendered":"<p>Club de Amantes de la M\u00fasica Daniel Hertz CLUB \u00danase al Club de Amantes de la M\u00fasica Daniel Hertz Entre en un mundo donde la m\u00fasica es la protagonista y la calidad del sonido reina. Nuestro club no es s\u00f3lo una membres\u00eda, es una puerta de entrada a una vibrante comunidad de audi\u00f3filos apasionados y entusiastas de la m\u00fasica exigentes. \u00bfPor qu\u00e9 deber\u00eda hacerse socio? Obtenga descuentos exclusivos<\/p>","protected":false},"author":2,"featured_media":0,"parent":336,"menu_order":0,"comment_status":"closed","ping_status":"closed","template":"","meta":{"om_disable_all_campaigns":false,"_monsterinsights_skip_tracking":false,"_monsterinsights_sitenote_active":false,"_monsterinsights_sitenote_note":"","_monsterinsights_sitenote_category":0,"footnotes":""},"class_list":["post-990272","page","type-page","status-publish","hentry"],"yoast_head":"<!-- This site is optimized with the Yoast SEO plugin v27.4 - https:\/\/yoast.com\/product\/yoast-seo-wordpress\/ -->\n<title>Music Lovers Daniel Hertz Club - Daniel Hertz<\/title>\n<meta name=\"description\" content=\"Join the Daniel Hertz Music Lovers Club for exclusive savings, unparalleled insights into cutting-edge audio technology and more.\" \/>\n<meta name=\"robots\" content=\"index, follow, max-snippet:-1, max-image-preview:large, max-video-preview:-1\" \/>\n<link rel=\"canonical\" href=\"https:\/\/danielhertz.eu\/es\/mark-levinsons-audio-legacy\/club-de-melomanos-daniel-hertz\/\" \/>\n<meta property=\"og:locale\" content=\"es_ES\" \/>\n<meta property=\"og:type\" content=\"article\" \/>\n<meta property=\"og:title\" content=\"Music Lovers Daniel Hertz Club - Daniel Hertz\" \/>\n<meta property=\"og:description\" content=\"Join the Daniel Hertz Music Lovers Club for exclusive savings, unparalleled insights into cutting-edge audio technology and more.\" \/>\n<meta property=\"og:url\" content=\"https:\/\/danielhertz.eu\/es\/mark-levinsons-audio-legacy\/club-de-melomanos-daniel-hertz\/\" \/>\n<meta property=\"og:site_name\" content=\"Daniel Hertz\" \/>\n<meta property=\"article:publisher\" content=\"https:\/\/www.facebook.com\/people\/Daniel-Hertz-Music-Lovers-Club\/61566930280945\/\" \/>\n<meta property=\"article:modified_time\" content=\"2024-08-05T19:29:14+00:00\" \/>\n<meta property=\"og:image\" content=\"https:\/\/danielhertz.eu\/wp-content\/uploads\/2020\/03\/Vector.png\" \/>\n<meta name=\"twitter:card\" content=\"summary_large_image\" \/>\n<meta name=\"twitter:label1\" content=\"Tiempo de lectura\" \/>\n\t<meta name=\"twitter:data1\" content=\"1 minuto\" \/>\n<script type=\"application\/ld+json\" class=\"yoast-schema-graph\">{\"@context\":\"https:\\\/\\\/schema.org\",\"@graph\":[{\"@type\":\"WebPage\",\"@id\":\"https:\\\/\\\/danielhertz.eu\\\/pl\\\/odkryj-daniela-hertza\\\/music-lovers-daniel-hertz-club\\\/\",\"url\":\"https:\\\/\\\/danielhertz.eu\\\/pl\\\/odkryj-daniela-hertza\\\/music-lovers-daniel-hertz-club\\\/\",\"name\":\"Music Lovers Daniel Hertz Club - Daniel Hertz\",\"isPartOf\":{\"@id\":\"https:\\\/\\\/danielhertz.eu\\\/es\\\/#website\"},\"primaryImageOfPage\":{\"@id\":\"https:\\\/\\\/danielhertz.eu\\\/pl\\\/odkryj-daniela-hertza\\\/music-lovers-daniel-hertz-club\\\/#primaryimage\"},\"image\":{\"@id\":\"https:\\\/\\\/danielhertz.eu\\\/pl\\\/odkryj-daniela-hertza\\\/music-lovers-daniel-hertz-club\\\/#primaryimage\"},\"thumbnailUrl\":\"https:\\\/\\\/danielhertz.eu\\\/wp-content\\\/uploads\\\/2020\\\/03\\\/Vector.png\",\"datePublished\":\"2024-04-26T09:27:34+00:00\",\"dateModified\":\"2024-08-05T19:29:14+00:00\",\"description\":\"Join the Daniel Hertz Music Lovers Club for exclusive savings, unparalleled insights into cutting-edge audio technology and more.\",\"breadcrumb\":{\"@id\":\"https:\\\/\\\/danielhertz.eu\\\/pl\\\/odkryj-daniela-hertza\\\/music-lovers-daniel-hertz-club\\\/#breadcrumb\"},\"inLanguage\":\"es\",\"potentialAction\":[{\"@type\":\"ReadAction\",\"target\":[\"https:\\\/\\\/danielhertz.eu\\\/pl\\\/odkryj-daniela-hertza\\\/music-lovers-daniel-hertz-club\\\/\"]}]},{\"@type\":\"ImageObject\",\"inLanguage\":\"es\",\"@id\":\"https:\\\/\\\/danielhertz.eu\\\/pl\\\/odkryj-daniela-hertza\\\/music-lovers-daniel-hertz-club\\\/#primaryimage\",\"url\":\"https:\\\/\\\/danielhertz.eu\\\/wp-content\\\/uploads\\\/2020\\\/03\\\/Vector.png\",\"contentUrl\":\"https:\\\/\\\/danielhertz.eu\\\/wp-content\\\/uploads\\\/2020\\\/03\\\/Vector.png\"},{\"@type\":\"BreadcrumbList\",\"@id\":\"https:\\\/\\\/danielhertz.eu\\\/pl\\\/odkryj-daniela-hertza\\\/music-lovers-daniel-hertz-club\\\/#breadcrumb\",\"itemListElement\":[{\"@type\":\"ListItem\",\"position\":1,\"name\":\"Home\",\"item\":\"https:\\\/\\\/danielhertz.eu\\\/pl\\\/\"},{\"@type\":\"ListItem\",\"position\":2,\"name\":\"Mark Levinson&#8217;s audio legacy\",\"item\":\"https:\\\/\\\/danielhertz.eu\\\/pl\\\/odkryj-daniela-hertza\\\/\"},{\"@type\":\"ListItem\",\"position\":3,\"name\":\"Music Lovers Daniel Hertz Club\"}]},{\"@type\":\"WebSite\",\"@id\":\"https:\\\/\\\/danielhertz.eu\\\/es\\\/#website\",\"url\":\"https:\\\/\\\/danielhertz.eu\\\/es\\\/\",\"name\":\"Daniel Hertz\",\"description\":\"Audio systems\",\"publisher\":{\"@id\":\"https:\\\/\\\/danielhertz.eu\\\/es\\\/#organization\"},\"potentialAction\":[{\"@type\":\"SearchAction\",\"target\":{\"@type\":\"EntryPoint\",\"urlTemplate\":\"https:\\\/\\\/danielhertz.eu\\\/es\\\/?s={search_term_string}\"},\"query-input\":{\"@type\":\"PropertyValueSpecification\",\"valueRequired\":true,\"valueName\":\"search_term_string\"}}],\"inLanguage\":\"es\"},{\"@type\":\"Organization\",\"@id\":\"https:\\\/\\\/danielhertz.eu\\\/es\\\/#organization\",\"name\":\"Daniel Hertz\",\"url\":\"https:\\\/\\\/danielhertz.eu\\\/es\\\/\",\"logo\":{\"@type\":\"ImageObject\",\"inLanguage\":\"es\",\"@id\":\"https:\\\/\\\/danielhertz.eu\\\/es\\\/#\\\/schema\\\/logo\\\/image\\\/\",\"url\":\"https:\\\/\\\/danielhertz.eu\\\/wp-content\\\/uploads\\\/2025\\\/09\\\/daniel-herz-logo.jpg\",\"contentUrl\":\"https:\\\/\\\/danielhertz.eu\\\/wp-content\\\/uploads\\\/2025\\\/09\\\/daniel-herz-logo.jpg\",\"width\":220,\"height\":217,\"caption\":\"Daniel Hertz\"},\"image\":{\"@id\":\"https:\\\/\\\/danielhertz.eu\\\/es\\\/#\\\/schema\\\/logo\\\/image\\\/\"},\"sameAs\":[\"https:\\\/\\\/www.facebook.com\\\/people\\\/Daniel-Hertz-Music-Lovers-Club\\\/61566930280945\\\/\"]}]}<\/script>\n<!-- \/ Yoast SEO plugin. -->","yoast_head_json":{"title":"Club de Amantes de la M\u00fasica Daniel Hertz - Daniel Hertz","description":"\u00danase al Club de Amantes de la M\u00fasica de Daniel Hertz para obtener ahorros exclusivos, informaci\u00f3n inigualable sobre tecnolog\u00eda de audio de vanguardia y mucho m\u00e1s.","robots":{"index":"index","follow":"follow","max-snippet":"max-snippet:-1","max-image-preview":"max-image-preview:large","max-video-preview":"max-video-preview:-1"},"canonical":"https:\/\/danielhertz.eu\/es\/mark-levinsons-audio-legacy\/club-de-melomanos-daniel-hertz\/","og_locale":"es_ES","og_type":"article","og_title":"Music Lovers Daniel Hertz Club - Daniel Hertz","og_description":"Join the Daniel Hertz Music Lovers Club for exclusive savings, unparalleled insights into cutting-edge audio technology and more.","og_url":"https:\/\/danielhertz.eu\/es\/mark-levinsons-audio-legacy\/club-de-melomanos-daniel-hertz\/","og_site_name":"Daniel Hertz","article_publisher":"https:\/\/www.facebook.com\/people\/Daniel-Hertz-Music-Lovers-Club\/61566930280945\/","article_modified_time":"2024-08-05T19:29:14+00:00","og_image":[{"url":"https:\/\/danielhertz.eu\/wp-content\/uploads\/2020\/03\/Vector.png","type":"","width":"","height":""}],"twitter_card":"summary_large_image","twitter_misc":{"Tiempo de lectura":"1 minuto"},"schema":{"@context":"https:\/\/schema.org","@graph":[{"@type":"WebPage","@id":"https:\/\/danielhertz.eu\/pl\/odkryj-daniela-hertza\/music-lovers-daniel-hertz-club\/","url":"https:\/\/danielhertz.eu\/pl\/odkryj-daniela-hertza\/music-lovers-daniel-hertz-club\/","name":"Club de Amantes de la M\u00fasica Daniel Hertz - Daniel Hertz","isPartOf":{"@id":"https:\/\/danielhertz.eu\/es\/#website"},"primaryImageOfPage":{"@id":"https:\/\/danielhertz.eu\/pl\/odkryj-daniela-hertza\/music-lovers-daniel-hertz-club\/#primaryimage"},"image":{"@id":"https:\/\/danielhertz.eu\/pl\/odkryj-daniela-hertza\/music-lovers-daniel-hertz-club\/#primaryimage"},"thumbnailUrl":"https:\/\/danielhertz.eu\/wp-content\/uploads\/2020\/03\/Vector.png","datePublished":"2024-04-26T09:27:34+00:00","dateModified":"2024-08-05T19:29:14+00:00","description":"\u00danase al Club de Amantes de la M\u00fasica de Daniel Hertz para obtener ahorros exclusivos, informaci\u00f3n inigualable sobre tecnolog\u00eda de audio de vanguardia y mucho m\u00e1s.","breadcrumb":{"@id":"https:\/\/danielhertz.eu\/pl\/odkryj-daniela-hertza\/music-lovers-daniel-hertz-club\/#breadcrumb"},"inLanguage":"es","potentialAction":[{"@type":"ReadAction","target":["https:\/\/danielhertz.eu\/pl\/odkryj-daniela-hertza\/music-lovers-daniel-hertz-club\/"]}]},{"@type":"ImageObject","inLanguage":"es","@id":"https:\/\/danielhertz.eu\/pl\/odkryj-daniela-hertza\/music-lovers-daniel-hertz-club\/#primaryimage","url":"https:\/\/danielhertz.eu\/wp-content\/uploads\/2020\/03\/Vector.png","contentUrl":"https:\/\/danielhertz.eu\/wp-content\/uploads\/2020\/03\/Vector.png"},{"@type":"BreadcrumbList","@id":"https:\/\/danielhertz.eu\/pl\/odkryj-daniela-hertza\/music-lovers-daniel-hertz-club\/#breadcrumb","itemListElement":[{"@type":"ListItem","position":1,"name":"Home","item":"https:\/\/danielhertz.eu\/pl\/"},{"@type":"ListItem","position":2,"name":"Mark Levinson&#8217;s audio legacy","item":"https:\/\/danielhertz.eu\/pl\/odkryj-daniela-hertza\/"},{"@type":"ListItem","position":3,"name":"Music Lovers Daniel Hertz Club"}]},{"@type":"WebSite","@id":"https:\/\/danielhertz.eu\/es\/#website","url":"https:\/\/danielhertz.eu\/es\/","name":"Daniel Hertz","description":"Sistemas de audio","publisher":{"@id":"https:\/\/danielhertz.eu\/es\/#organization"},"potentialAction":[{"@type":"SearchAction","target":{"@type":"EntryPoint","urlTemplate":"https:\/\/danielhertz.eu\/es\/?s={search_term_string}"},"query-input":{"@type":"PropertyValueSpecification","valueRequired":true,"valueName":"search_term_string"}}],"inLanguage":"es"},{"@type":"Organization","@id":"https:\/\/danielhertz.eu\/es\/#organization","name":"Daniel Hertz","url":"https:\/\/danielhertz.eu\/es\/","logo":{"@type":"ImageObject","inLanguage":"es","@id":"https:\/\/danielhertz.eu\/es\/#\/schema\/logo\/image\/","url":"https:\/\/danielhertz.eu\/wp-content\/uploads\/2025\/09\/daniel-herz-logo.jpg","contentUrl":"https:\/\/danielhertz.eu\/wp-content\/uploads\/2025\/09\/daniel-herz-logo.jpg","width":220,"height":217,"caption":"Daniel Hertz"},"image":{"@id":"https:\/\/danielhertz.eu\/es\/#\/schema\/logo\/image\/"},"sameAs":["https:\/\/www.facebook.com\/people\/Daniel-Hertz-Music-Lovers-Club\/61566930280945\/"]}]}},"_links":{"self":[{"href":"https:\/\/danielhertz.eu\/es\/wp-json\/wp\/v2\/pages\/990272","targetHints":{"allow":["GET"]}}],"collection":[{"href":"https:\/\/danielhertz.eu\/es\/wp-json\/wp\/v2\/pages"}],"about":[{"href":"https:\/\/danielhertz.eu\/es\/wp-json\/wp\/v2\/types\/page"}],"author":[{"embeddable":true,"href":"https:\/\/danielhertz.eu\/es\/wp-json\/wp\/v2\/users\/2"}],"replies":[{"embeddable":true,"href":"https:\/\/danielhertz.eu\/es\/wp-json\/wp\/v2\/comments?post=990272"}],"version-history":[{"count":34,"href":"https:\/\/danielhertz.eu\/es\/wp-json\/wp\/v2\/pages\/990272\/revisions"}],"predecessor-version":[{"id":991762,"href":"https:\/\/danielhertz.eu\/es\/wp-json\/wp\/v2\/pages\/990272\/revisions\/991762"}],"up":[{"embeddable":true,"href":"https:\/\/danielhertz.eu\/es\/wp-json\/wp\/v2\/pages\/336"}],"wp:attachment":[{"href":"https:\/\/danielhertz.eu\/es\/wp-json\/wp\/v2\/media?parent=990272"}],"curies":[{"name":"wp","href":"https:\/\/api.w.org\/{rel}","templated":true}]}}