{"id":2887,"date":"2020-05-02T14:32:02","date_gmt":"2020-05-02T14:32:02","guid":{"rendered":"https:\/\/lagar.vamtam.com\/?page_id=2887"},"modified":"2024-05-29T10:39:20","modified_gmt":"2024-05-29T10:39:20","slug":"blog","status":"publish","type":"page","link":"https:\/\/danielhertz.eu\/es\/blog\/","title":{"rendered":"Blog"},"content":{"rendered":"<div data-elementor-type=\"wp-page\" data-elementor-id=\"2887\" class=\"elementor elementor-2887\" data-elementor-post-type=\"page\">\n\t\t\t\t\t\t<section class=\"elementor-section elementor-top-section elementor-element elementor-element-4a7a3e0 elementor-section-height-min-height elementor-section-content-bottom elementor-section-boxed elementor-section-height-default elementor-section-items-middle\" data-id=\"4a7a3e0\" data-element_type=\"section\" data-e-type=\"section\" data-settings=\"{&quot;background_background&quot;:&quot;classic&quot;}\">\n\t\t\t\t\t\t\t<div class=\"elementor-background-overlay\"><\/div>\n\t\t\t\t\t\t\t<div class=\"elementor-container elementor-column-gap-default\">\n\t\t\t\t\t<div class=\"elementor-column elementor-col-100 elementor-top-column elementor-element elementor-element-b64d6fc\" data-id=\"b64d6fc\" data-element_type=\"column\" data-e-type=\"column\">\n\t\t\t<div class=\"elementor-widget-wrap elementor-element-populated\">\n\t\t\t\t\t\t<div class=\"elementor-element elementor-element-6364ecd elementor-widget elementor-widget-heading\" data-id=\"6364ecd\" data-element_type=\"widget\" data-e-type=\"widget\" data-widget_type=\"heading.default\">\n\t\t\t\t<div class=\"elementor-widget-container\">\n\t\t\t\t\t<h1 class=\"elementor-heading-title elementor-size-default\">Blog<\/h1>\t\t\t\t<\/div>\n\t\t\t\t<\/div>\n\t\t\t\t\t<\/div>\n\t\t<\/div>\n\t\t\t\t\t<\/div>\n\t\t<\/section>\n\t\t\t\t<section class=\"elementor-section elementor-top-section elementor-element elementor-element-d6b2196 elementor-section-boxed elementor-section-height-default elementor-section-height-default\" data-id=\"d6b2196\" data-element_type=\"section\" data-e-type=\"section\" data-settings=\"{&quot;background_background&quot;:&quot;classic&quot;}\">\n\t\t\t\t\t\t<div class=\"elementor-container elementor-column-gap-default\">\n\t\t\t\t\t<div class=\"elementor-column elementor-col-100 elementor-top-column elementor-element elementor-element-9ac8dfc\" data-id=\"9ac8dfc\" data-element_type=\"column\" data-e-type=\"column\">\n\t\t\t<div class=\"elementor-widget-wrap elementor-element-populated\">\n\t\t\t\t\t\t<div class=\"elementor-element elementor-element-8fdd2b7 elementor-invisible elementor-widget elementor-widget-heading\" data-id=\"8fdd2b7\" data-element_type=\"widget\" data-e-type=\"widget\" data-settings=\"{&quot;_animation&quot;:&quot;fadeIn&quot;,&quot;_animation_delay&quot;:200}\" data-widget_type=\"heading.default\">\n\t\t\t\t<div class=\"elementor-widget-container\">\n\t\t\t\t\t<h6 class=\"elementor-heading-title elementor-size-default\">Entradas recientes<\/h6>\t\t\t\t<\/div>\n\t\t\t\t<\/div>\n\t\t\t\t<div class=\"elementor-element elementor-element-c5bc09a elementor-widget elementor-widget-heading\" data-id=\"c5bc09a\" data-element_type=\"widget\" data-e-type=\"widget\" data-widget_type=\"heading.default\">\n\t\t\t\t<div class=\"elementor-widget-container\">\n\t\t\t\t\t<h2 class=\"elementor-heading-title elementor-size-default\">Art\u00edculos de Daniel Hertz<\/h2>\t\t\t\t<\/div>\n\t\t\t\t<\/div>\n\t\t\t\t<div class=\"elementor-element elementor-element-fb92236 elementor-absolute elementor-widget elementor-widget-image\" data-id=\"fb92236\" data-element_type=\"widget\" data-e-type=\"widget\" data-settings=\"{&quot;_position&quot;:&quot;absolute&quot;}\" data-widget_type=\"image.default\">\n\t\t\t\t<div class=\"elementor-widget-container\">\n\t\t\t\t\t\t\t\t\t<div class=\"elementor-image\">\n\t\t\t\t\t\t\t\t\t\t\t\t\t\t\t\t\t\t\t\t\t<img decoding=\"async\" src=\"https:\/\/danielhertz.eu\/wp-content\/uploads\/2020\/03\/Vector.png\" title=\"\" alt=\"\" loading=\"lazy\" \/>\t\t\t\t\t\t\t\t\t\t\t\t\t\t\t\t\t\t\t\t\t\t\t\t<\/div>\n\t\t\t\t\t\t\t\t<\/div>\n\t\t\t\t<\/div>\n\t\t\t\t<div class=\"elementor-element elementor-element-16f7185 elementor-widget elementor-widget-text-editor\" data-id=\"16f7185\" data-element_type=\"widget\" data-e-type=\"widget\" data-widget_type=\"text-editor.default\">\n\t\t\t\t<div class=\"elementor-widget-container\">\n\t\t\t\t\t\t\t\t\t<p>Desentra\u00f1ar los misterios de la ingenier\u00eda de audio<\/p>\t\t\t\t\t\t\t\t<\/div>\n\t\t\t\t<\/div>\n\t\t\t\t\t<\/div>\n\t\t<\/div>\n\t\t\t\t\t<\/div>\n\t\t<\/section>\n\t\t\t\t<section class=\"elementor-section elementor-top-section elementor-element elementor-element-6436358 elementor-section-boxed elementor-section-height-default elementor-section-height-default\" data-id=\"6436358\" data-element_type=\"section\" data-e-type=\"section\" data-settings=\"{&quot;background_background&quot;:&quot;classic&quot;}\">\n\t\t\t\t\t\t<div class=\"elementor-container elementor-column-gap-default\">\n\t\t\t\t\t<div class=\"elementor-column elementor-col-100 elementor-top-column elementor-element elementor-element-2e3ea40\" data-id=\"2e3ea40\" data-element_type=\"column\" data-e-type=\"column\">\n\t\t\t<div class=\"elementor-widget-wrap elementor-element-populated\">\n\t\t\t\t\t\t<div class=\"elementor-element elementor-element-55c2dcf elementor-posts--align-left elementor-grid-3 elementor-grid-tablet-2 elementor-grid-mobile-1 elementor-posts--thumbnail-top elementor-invisible elementor-widget elementor-widget-posts\" data-id=\"55c2dcf\" data-element_type=\"widget\" data-e-type=\"widget\" data-settings=\"{&quot;classic_row_gap&quot;:{&quot;unit&quot;:&quot;px&quot;,&quot;size&quot;:30,&quot;sizes&quot;:[]},&quot;_animation&quot;:&quot;fadeIn&quot;,&quot;pagination_type&quot;:&quot;numbers&quot;,&quot;classic_columns&quot;:&quot;3&quot;,&quot;classic_columns_tablet&quot;:&quot;2&quot;,&quot;classic_columns_mobile&quot;:&quot;1&quot;,&quot;classic_row_gap_tablet&quot;:{&quot;unit&quot;:&quot;px&quot;,&quot;size&quot;:&quot;&quot;,&quot;sizes&quot;:[]},&quot;classic_row_gap_mobile&quot;:{&quot;unit&quot;:&quot;px&quot;,&quot;size&quot;:&quot;&quot;,&quot;sizes&quot;:[]}}\" data-widget_type=\"posts.classic\">\n\t\t\t\t<div class=\"elementor-widget-container\">\n\t\t\t\t\t\t\t<div class=\"elementor-posts-container elementor-posts elementor-posts--skin-classic elementor-grid\" role=\"list\">\n\t\t\t\t<article class=\"elementor-post elementor-grid-item post-3007 post type-post status-publish format-standard has-post-thumbnail hentry category-discover-daniel-hertz\" role=\"listitem\">\n\t\t\t\t<a class=\"elementor-post__thumbnail__link\" href=\"https:\/\/danielhertz.eu\/es\/la-historia-de-mark-levinson-un-viaje-a-traves-del-sonido\/\" tabindex=\"-1\" >\n\t\t\t<div class=\"elementor-post__thumbnail\"><img fetchpriority=\"high\" decoding=\"async\" width=\"768\" height=\"462\" src=\"https:\/\/danielhertz.eu\/wp-content\/uploads\/2024\/05\/daniel-hertz-mark-levinson-maria-768x462.jpg\" class=\"attachment-medium_large size-medium_large wp-image-990838\" alt=\"Daniel Hertz Mark Levinson Mar\u00eda\" srcset=\"https:\/\/danielhertz.eu\/wp-content\/uploads\/2024\/05\/daniel-hertz-mark-levinson-maria-768x462.jpg 768w, https:\/\/danielhertz.eu\/wp-content\/uploads\/2024\/05\/daniel-hertz-mark-levinson-maria-315x190.jpg 315w, https:\/\/danielhertz.eu\/wp-content\/uploads\/2024\/05\/daniel-hertz-mark-levinson-maria-200x120.jpg 200w, https:\/\/danielhertz.eu\/wp-content\/uploads\/2024\/05\/daniel-hertz-mark-levinson-maria-630x379.jpg 630w, https:\/\/danielhertz.eu\/wp-content\/uploads\/2024\/05\/daniel-hertz-mark-levinson-maria-300x181.jpg 300w, https:\/\/danielhertz.eu\/wp-content\/uploads\/2024\/05\/daniel-hertz-mark-levinson-maria-1024x616.jpg 1024w, https:\/\/danielhertz.eu\/wp-content\/uploads\/2024\/05\/daniel-hertz-mark-levinson-maria-1536x925.jpg 1536w, https:\/\/danielhertz.eu\/wp-content\/uploads\/2024\/05\/daniel-hertz-mark-levinson-maria-2048x1233.jpg 2048w, https:\/\/danielhertz.eu\/wp-content\/uploads\/2024\/05\/daniel-hertz-mark-levinson-maria-1260x759.jpg 1260w, https:\/\/danielhertz.eu\/wp-content\/uploads\/2024\/05\/daniel-hertz-mark-levinson-maria-1320x795.jpg 1320w\" sizes=\"(max-width: 768px) 100vw, 768px\" \/><\/div>\n\t\t<\/a>\n\t\t\t\t<div class=\"elementor-post__text\">\n\t\t\t\t<h3 class=\"elementor-post__title\">\n\t\t\t<a href=\"https:\/\/danielhertz.eu\/es\/la-historia-de-mark-levinson-un-viaje-a-traves-del-sonido\/\" >\n\t\t\t\tLa historia de Mark Levinson - Un viaje a trav\u00e9s del sonido\t\t\t<\/a>\n\t\t<\/h3>\n\t\t\t\t<div class=\"elementor-post__meta-data\">\n\t\t\t\t\t<span class=\"elementor-post-date\">\n\t\t\t1 de mayo de 2024\t\t<\/span>\n\t\t\t\t<\/div>\n\t\t\t\t<div class=\"elementor-post__excerpt\">\n\t\t\t<p>Mark Levinson revolucion\u00f3 la ingenier\u00eda de audio, estableciendo nuevos est\u00e1ndares de calidad y artesan\u00eda, dejando una huella indeleble en la industria.<\/p>\n\t\t<\/div>\n\t\t\t\t<\/div>\n\t\t\t\t<\/article>\n\t\t\t\t<article class=\"elementor-post elementor-grid-item post-2990 post type-post status-publish format-standard has-post-thumbnail hentry category-exclusive-technology\" role=\"listitem\">\n\t\t\t\t<a class=\"elementor-post__thumbnail__link\" href=\"https:\/\/danielhertz.eu\/es\/tecnologia-c-wave-experiencia-auditiva-mas-saludable\/\" tabindex=\"-1\" >\n\t\t\t<div class=\"elementor-post__thumbnail\"><img decoding=\"async\" width=\"768\" height=\"432\" src=\"https:\/\/danielhertz.eu\/wp-content\/uploads\/2024\/05\/C-Wave-Technology-768x432.jpg\" class=\"attachment-medium_large size-medium_large wp-image-990877\" alt=\"Tecnolog\u00eda C Wave\" srcset=\"https:\/\/danielhertz.eu\/wp-content\/uploads\/2024\/05\/C-Wave-Technology-768x432.jpg 768w, https:\/\/danielhertz.eu\/wp-content\/uploads\/2024\/05\/C-Wave-Technology-scaled-315x177.jpg 315w, https:\/\/danielhertz.eu\/wp-content\/uploads\/2024\/05\/C-Wave-Technology-scaled-200x113.jpg 200w, https:\/\/danielhertz.eu\/wp-content\/uploads\/2024\/05\/C-Wave-Technology-630x354.jpg 630w, https:\/\/danielhertz.eu\/wp-content\/uploads\/2024\/05\/C-Wave-Technology-300x169.jpg 300w, https:\/\/danielhertz.eu\/wp-content\/uploads\/2024\/05\/C-Wave-Technology-1024x576.jpg 1024w, https:\/\/danielhertz.eu\/wp-content\/uploads\/2024\/05\/C-Wave-Technology-1536x864.jpg 1536w, https:\/\/danielhertz.eu\/wp-content\/uploads\/2024\/05\/C-Wave-Technology-2048x1152.jpg 2048w, https:\/\/danielhertz.eu\/wp-content\/uploads\/2024\/05\/C-Wave-Technology-1260x709.jpg 1260w, https:\/\/danielhertz.eu\/wp-content\/uploads\/2024\/05\/C-Wave-Technology-1320x742.jpg 1320w\" sizes=\"(max-width: 768px) 100vw, 768px\" \/><\/div>\n\t\t<\/a>\n\t\t\t\t<div class=\"elementor-post__text\">\n\t\t\t\t<h3 class=\"elementor-post__title\">\n\t\t\t<a href=\"https:\/\/danielhertz.eu\/es\/tecnologia-c-wave-experiencia-auditiva-mas-saludable\/\" >\n\t\t\t\tTecnolog\u00eda C-Wave: una experiencia auditiva m\u00e1s saludable\t\t\t<\/a>\n\t\t<\/h3>\n\t\t\t\t<div class=\"elementor-post__meta-data\">\n\t\t\t\t\t<span class=\"elementor-post-date\">\n\t\t\t5 de abril de 2024\t\t<\/span>\n\t\t\t\t<\/div>\n\t\t\t\t<div class=\"elementor-post__excerpt\">\n\t\t\t<p>La patente C Wave de Mark Levinson transforma el audio digital, mezclando la calidez anal\u00f3gica con la precisi\u00f3n PCM para una experiencia auditiva m\u00e1s completa y saludable.<\/p>\n\t\t<\/div>\n\t\t\t\t<\/div>\n\t\t\t\t<\/article>\n\t\t\t\t<article class=\"elementor-post elementor-grid-item post-2987 post type-post status-publish format-standard has-post-thumbnail hentry category-latest-news\" role=\"listitem\">\n\t\t\t\t<a class=\"elementor-post__thumbnail__link\" href=\"https:\/\/danielhertz.eu\/es\/que-es-la-biamplificacion\/\" tabindex=\"-1\" >\n\t\t\t<div class=\"elementor-post__thumbnail\"><img decoding=\"async\" width=\"768\" height=\"417\" src=\"https:\/\/danielhertz.eu\/wp-content\/uploads\/2024\/05\/What-is-Bi-Amping-1-768x417.jpg\" class=\"attachment-medium_large size-medium_large wp-image-990893\" alt=\"Qu\u00e9 es la biamplificaci\u00f3n\" srcset=\"https:\/\/danielhertz.eu\/wp-content\/uploads\/2024\/05\/What-is-Bi-Amping-1-768x417.jpg 768w, https:\/\/danielhertz.eu\/wp-content\/uploads\/2024\/05\/What-is-Bi-Amping-1-scaled-315x171.jpg 315w, https:\/\/danielhertz.eu\/wp-content\/uploads\/2024\/05\/What-is-Bi-Amping-1-scaled-200x109.jpg 200w, https:\/\/danielhertz.eu\/wp-content\/uploads\/2024\/05\/What-is-Bi-Amping-1-630x342.jpg 630w, https:\/\/danielhertz.eu\/wp-content\/uploads\/2024\/05\/What-is-Bi-Amping-1-300x163.jpg 300w, https:\/\/danielhertz.eu\/wp-content\/uploads\/2024\/05\/What-is-Bi-Amping-1-1024x556.jpg 1024w, https:\/\/danielhertz.eu\/wp-content\/uploads\/2024\/05\/What-is-Bi-Amping-1-1536x834.jpg 1536w, https:\/\/danielhertz.eu\/wp-content\/uploads\/2024\/05\/What-is-Bi-Amping-1-2048x1112.jpg 2048w, https:\/\/danielhertz.eu\/wp-content\/uploads\/2024\/05\/What-is-Bi-Amping-1-1260x684.jpg 1260w, https:\/\/danielhertz.eu\/wp-content\/uploads\/2024\/05\/What-is-Bi-Amping-1-1320x716.jpg 1320w\" sizes=\"(max-width: 768px) 100vw, 768px\" \/><\/div>\n\t\t<\/a>\n\t\t\t\t<div class=\"elementor-post__text\">\n\t\t\t\t<h3 class=\"elementor-post__title\">\n\t\t\t<a href=\"https:\/\/danielhertz.eu\/es\/que-es-la-biamplificacion\/\" >\n\t\t\t\t\u00bfQu\u00e9 es la biamplificaci\u00f3n?\t\t\t<\/a>\n\t\t<\/h3>\n\t\t\t\t<div class=\"elementor-post__meta-data\">\n\t\t\t\t\t<span class=\"elementor-post-date\">\n\t\t\t20 de marzo de 2024\t\t<\/span>\n\t\t\t\t<\/div>\n\t\t\t\t<div class=\"elementor-post__excerpt\">\n\t\t\t<p>Dividir la carga de trabajo de audio entre dos amplificadores mejora la claridad, la din\u00e1mica y la longevidad, revolucionando la experiencia auditiva.<\/p>\n\t\t<\/div>\n\t\t\t\t<\/div>\n\t\t\t\t<\/article>\n\t\t\t\t<\/div>\n\t\t\n\t\t\t\t\t\t<\/div>\n\t\t\t\t<\/div>\n\t\t\t\t\t<\/div>\n\t\t<\/div>\n\t\t\t\t\t<\/div>\n\t\t<\/section>\n\t\t\t\t<\/div>","protected":false},"excerpt":{"rendered":"<p>Blog Entradas recientes Art\u00edculos de Daniel Hertz Desentra\u00f1ar los misterios de la ingenier\u00eda de audio<\/p>","protected":false},"author":2,"featured_media":0,"parent":0,"menu_order":0,"comment_status":"closed","ping_status":"closed","template":"","meta":{"om_disable_all_campaigns":false,"_monsterinsights_skip_tracking":false,"_monsterinsights_sitenote_active":false,"_monsterinsights_sitenote_note":"","_monsterinsights_sitenote_category":0,"footnotes":""},"class_list":["post-2887","page","type-page","status-publish","hentry"],"yoast_head":"<!-- This site is optimized with the Yoast SEO plugin v27.3 - https:\/\/yoast.com\/product\/yoast-seo-wordpress\/ -->\n<title>Blog - Daniel Hertz<\/title>\n<meta name=\"description\" content=\"Discover fascinating audio insights on Daniel Hertz&#039;s blog. Unravel sound mysteries with expert articles. Explore now!\" \/>\n<meta name=\"robots\" content=\"index, follow, max-snippet:-1, max-image-preview:large, max-video-preview:-1\" \/>\n<link rel=\"canonical\" href=\"https:\/\/danielhertz.eu\/es\/blog\/\" \/>\n<meta property=\"og:locale\" content=\"es_ES\" \/>\n<meta property=\"og:type\" content=\"article\" \/>\n<meta property=\"og:title\" content=\"Blog - Daniel Hertz\" \/>\n<meta property=\"og:description\" content=\"Discover fascinating audio insights on Daniel Hertz&#039;s blog. Unravel sound mysteries with expert articles. Explore now!\" \/>\n<meta property=\"og:url\" content=\"https:\/\/danielhertz.eu\/es\/blog\/\" \/>\n<meta property=\"og:site_name\" content=\"Daniel Hertz\" \/>\n<meta property=\"article:publisher\" content=\"https:\/\/www.facebook.com\/people\/Daniel-Hertz-Music-Lovers-Club\/61566930280945\/\" \/>\n<meta property=\"article:modified_time\" content=\"2024-05-29T10:39:20+00:00\" \/>\n<meta property=\"og:image\" content=\"https:\/\/danielhertz.eu\/wp-content\/uploads\/2020\/03\/Vector.png\" \/>\n<meta name=\"twitter:card\" content=\"summary_large_image\" \/>\n<meta name=\"twitter:label1\" content=\"Tiempo de lectura\" \/>\n\t<meta name=\"twitter:data1\" content=\"2 minutos\" \/>\n<script type=\"application\/ld+json\" class=\"yoast-schema-graph\">{\"@context\":\"https:\\\/\\\/schema.org\",\"@graph\":[{\"@type\":\"WebPage\",\"@id\":\"https:\\\/\\\/danielhertz.eu\\\/en\\\/blog\\\/\",\"url\":\"https:\\\/\\\/danielhertz.eu\\\/en\\\/blog\\\/\",\"name\":\"Blog - Daniel Hertz\",\"isPartOf\":{\"@id\":\"https:\\\/\\\/danielhertz.eu\\\/es\\\/#website\"},\"primaryImageOfPage\":{\"@id\":\"https:\\\/\\\/danielhertz.eu\\\/en\\\/blog\\\/#primaryimage\"},\"image\":{\"@id\":\"https:\\\/\\\/danielhertz.eu\\\/en\\\/blog\\\/#primaryimage\"},\"thumbnailUrl\":\"https:\\\/\\\/danielhertz.eu\\\/wp-content\\\/uploads\\\/2020\\\/03\\\/Vector.png\",\"datePublished\":\"2020-05-02T14:32:02+00:00\",\"dateModified\":\"2024-05-29T10:39:20+00:00\",\"description\":\"Discover fascinating audio insights on Daniel Hertz's blog. Unravel sound mysteries with expert articles. Explore now!\",\"breadcrumb\":{\"@id\":\"https:\\\/\\\/danielhertz.eu\\\/en\\\/blog\\\/#breadcrumb\"},\"inLanguage\":\"es\",\"potentialAction\":[{\"@type\":\"ReadAction\",\"target\":[\"https:\\\/\\\/danielhertz.eu\\\/en\\\/blog\\\/\"]}]},{\"@type\":\"ImageObject\",\"inLanguage\":\"es\",\"@id\":\"https:\\\/\\\/danielhertz.eu\\\/en\\\/blog\\\/#primaryimage\",\"url\":\"https:\\\/\\\/danielhertz.eu\\\/wp-content\\\/uploads\\\/2020\\\/03\\\/Vector.png\",\"contentUrl\":\"https:\\\/\\\/danielhertz.eu\\\/wp-content\\\/uploads\\\/2020\\\/03\\\/Vector.png\"},{\"@type\":\"BreadcrumbList\",\"@id\":\"https:\\\/\\\/danielhertz.eu\\\/en\\\/blog\\\/#breadcrumb\",\"itemListElement\":[{\"@type\":\"ListItem\",\"position\":1,\"name\":\"Home\",\"item\":\"https:\\\/\\\/danielhertz.eu\\\/pl\\\/\"},{\"@type\":\"ListItem\",\"position\":2,\"name\":\"Blog\"}]},{\"@type\":\"WebSite\",\"@id\":\"https:\\\/\\\/danielhertz.eu\\\/es\\\/#website\",\"url\":\"https:\\\/\\\/danielhertz.eu\\\/es\\\/\",\"name\":\"Daniel Hertz\",\"description\":\"Audio systems\",\"publisher\":{\"@id\":\"https:\\\/\\\/danielhertz.eu\\\/es\\\/#organization\"},\"potentialAction\":[{\"@type\":\"SearchAction\",\"target\":{\"@type\":\"EntryPoint\",\"urlTemplate\":\"https:\\\/\\\/danielhertz.eu\\\/es\\\/?s={search_term_string}\"},\"query-input\":{\"@type\":\"PropertyValueSpecification\",\"valueRequired\":true,\"valueName\":\"search_term_string\"}}],\"inLanguage\":\"es\"},{\"@type\":\"Organization\",\"@id\":\"https:\\\/\\\/danielhertz.eu\\\/es\\\/#organization\",\"name\":\"Daniel Hertz\",\"url\":\"https:\\\/\\\/danielhertz.eu\\\/es\\\/\",\"logo\":{\"@type\":\"ImageObject\",\"inLanguage\":\"es\",\"@id\":\"https:\\\/\\\/danielhertz.eu\\\/es\\\/#\\\/schema\\\/logo\\\/image\\\/\",\"url\":\"https:\\\/\\\/danielhertz.eu\\\/wp-content\\\/uploads\\\/2025\\\/09\\\/daniel-herz-logo.jpg\",\"contentUrl\":\"https:\\\/\\\/danielhertz.eu\\\/wp-content\\\/uploads\\\/2025\\\/09\\\/daniel-herz-logo.jpg\",\"width\":220,\"height\":217,\"caption\":\"Daniel Hertz\"},\"image\":{\"@id\":\"https:\\\/\\\/danielhertz.eu\\\/es\\\/#\\\/schema\\\/logo\\\/image\\\/\"},\"sameAs\":[\"https:\\\/\\\/www.facebook.com\\\/people\\\/Daniel-Hertz-Music-Lovers-Club\\\/61566930280945\\\/\"]}]}<\/script>\n<!-- \/ Yoast SEO plugin. -->","yoast_head_json":{"title":"Blog - Daniel Hertz","description":"Descubre fascinantes ideas sobre audio en el blog de Daniel Hertz. Desvela los misterios del sonido con art\u00edculos de expertos. \u00a1Explora ahora!","robots":{"index":"index","follow":"follow","max-snippet":"max-snippet:-1","max-image-preview":"max-image-preview:large","max-video-preview":"max-video-preview:-1"},"canonical":"https:\/\/danielhertz.eu\/es\/blog\/","og_locale":"es_ES","og_type":"article","og_title":"Blog - Daniel Hertz","og_description":"Discover fascinating audio insights on Daniel Hertz's blog. Unravel sound mysteries with expert articles. Explore now!","og_url":"https:\/\/danielhertz.eu\/es\/blog\/","og_site_name":"Daniel Hertz","article_publisher":"https:\/\/www.facebook.com\/people\/Daniel-Hertz-Music-Lovers-Club\/61566930280945\/","article_modified_time":"2024-05-29T10:39:20+00:00","og_image":[{"url":"https:\/\/danielhertz.eu\/wp-content\/uploads\/2020\/03\/Vector.png","type":"","width":"","height":""}],"twitter_card":"summary_large_image","twitter_misc":{"Tiempo de lectura":"2 minutos"},"schema":{"@context":"https:\/\/schema.org","@graph":[{"@type":"WebPage","@id":"https:\/\/danielhertz.eu\/en\/blog\/","url":"https:\/\/danielhertz.eu\/en\/blog\/","name":"Blog - Daniel Hertz","isPartOf":{"@id":"https:\/\/danielhertz.eu\/es\/#website"},"primaryImageOfPage":{"@id":"https:\/\/danielhertz.eu\/en\/blog\/#primaryimage"},"image":{"@id":"https:\/\/danielhertz.eu\/en\/blog\/#primaryimage"},"thumbnailUrl":"https:\/\/danielhertz.eu\/wp-content\/uploads\/2020\/03\/Vector.png","datePublished":"2020-05-02T14:32:02+00:00","dateModified":"2024-05-29T10:39:20+00:00","description":"Descubre fascinantes ideas sobre audio en el blog de Daniel Hertz. Desvela los misterios del sonido con art\u00edculos de expertos. \u00a1Explora ahora!","breadcrumb":{"@id":"https:\/\/danielhertz.eu\/en\/blog\/#breadcrumb"},"inLanguage":"es","potentialAction":[{"@type":"ReadAction","target":["https:\/\/danielhertz.eu\/en\/blog\/"]}]},{"@type":"ImageObject","inLanguage":"es","@id":"https:\/\/danielhertz.eu\/en\/blog\/#primaryimage","url":"https:\/\/danielhertz.eu\/wp-content\/uploads\/2020\/03\/Vector.png","contentUrl":"https:\/\/danielhertz.eu\/wp-content\/uploads\/2020\/03\/Vector.png"},{"@type":"BreadcrumbList","@id":"https:\/\/danielhertz.eu\/en\/blog\/#breadcrumb","itemListElement":[{"@type":"ListItem","position":1,"name":"Home","item":"https:\/\/danielhertz.eu\/pl\/"},{"@type":"ListItem","position":2,"name":"Blog"}]},{"@type":"WebSite","@id":"https:\/\/danielhertz.eu\/es\/#website","url":"https:\/\/danielhertz.eu\/es\/","name":"Daniel Hertz","description":"Sistemas de audio","publisher":{"@id":"https:\/\/danielhertz.eu\/es\/#organization"},"potentialAction":[{"@type":"SearchAction","target":{"@type":"EntryPoint","urlTemplate":"https:\/\/danielhertz.eu\/es\/?s={search_term_string}"},"query-input":{"@type":"PropertyValueSpecification","valueRequired":true,"valueName":"search_term_string"}}],"inLanguage":"es"},{"@type":"Organization","@id":"https:\/\/danielhertz.eu\/es\/#organization","name":"Daniel Hertz","url":"https:\/\/danielhertz.eu\/es\/","logo":{"@type":"ImageObject","inLanguage":"es","@id":"https:\/\/danielhertz.eu\/es\/#\/schema\/logo\/image\/","url":"https:\/\/danielhertz.eu\/wp-content\/uploads\/2025\/09\/daniel-herz-logo.jpg","contentUrl":"https:\/\/danielhertz.eu\/wp-content\/uploads\/2025\/09\/daniel-herz-logo.jpg","width":220,"height":217,"caption":"Daniel Hertz"},"image":{"@id":"https:\/\/danielhertz.eu\/es\/#\/schema\/logo\/image\/"},"sameAs":["https:\/\/www.facebook.com\/people\/Daniel-Hertz-Music-Lovers-Club\/61566930280945\/"]}]}},"_links":{"self":[{"href":"https:\/\/danielhertz.eu\/es\/wp-json\/wp\/v2\/pages\/2887","targetHints":{"allow":["GET"]}}],"collection":[{"href":"https:\/\/danielhertz.eu\/es\/wp-json\/wp\/v2\/pages"}],"about":[{"href":"https:\/\/danielhertz.eu\/es\/wp-json\/wp\/v2\/types\/page"}],"author":[{"embeddable":true,"href":"https:\/\/danielhertz.eu\/es\/wp-json\/wp\/v2\/users\/2"}],"replies":[{"embeddable":true,"href":"https:\/\/danielhertz.eu\/es\/wp-json\/wp\/v2\/comments?post=2887"}],"version-history":[{"count":4,"href":"https:\/\/danielhertz.eu\/es\/wp-json\/wp\/v2\/pages\/2887\/revisions"}],"predecessor-version":[{"id":991271,"href":"https:\/\/danielhertz.eu\/es\/wp-json\/wp\/v2\/pages\/2887\/revisions\/991271"}],"wp:attachment":[{"href":"https:\/\/danielhertz.eu\/es\/wp-json\/wp\/v2\/media?parent=2887"}],"curies":[{"name":"wp","href":"https:\/\/api.w.org\/{rel}","templated":true}]}}